{"id":62,"date":"2018-09-08T00:34:20","date_gmt":"2018-09-08T03:34:20","guid":{"rendered":"https:\/\/ciwamar.com.br\/loja\/?post_type=product&#038;p=62"},"modified":"2021-05-23T18:39:44","modified_gmt":"2021-05-23T21:39:44","slug":"kit-automatizador-para-portao-basculante-bv-taurus-super-fast-140m-esquerdo-220v","status":"publish","type":"product","link":"https:\/\/ciwamar.com.br\/loja\/produto\/kit-automatizador-para-portao-basculante-bv-taurus-super-fast-140m-esquerdo-220v\/","title":{"rendered":"Kit Automatizador para Port\u00e3o Basculante BV Taurus Super Fast 1,40m SUPER R\u00c1PIDO ABRE E FECHA EM 4 SEGUNDOS Esquerdo (220v)"},"content":{"rendered":"<p><strong>Automatizador para Port\u00e3o Basculante BV Taurus Super Fast para port\u00f5es de at\u00e9 300 kg.<\/strong><\/p>\n<p>As linhas de automatizadores para port\u00f5es da RCG s\u00e3o projetados com o mais alto padr\u00e3o de qualidade, que possibilitam a voc\u00ea e sua fam\u00edlia o conforto e a seguran\u00e7a de ter sempre o port\u00e3o eletr\u00f4nico de sua resid\u00eancia fechado. A linha de automatizadores BV foi projetada para port\u00f5es basculantes de instala\u00e7\u00e3o vertical.<\/p>\n<p>Recomendado para aplica\u00e7\u00f5es mais robustas e com maior frequ\u00eancia de acionamentos, central de comando incorporada \u00e0 m\u00e1quina, protegida por uma carenagem dedicada, garante mais agilidade na instala\u00e7\u00e3o e tranquilidade para o usu\u00e1rio, dispensa os inc\u00f4modos com fura\u00e7\u00f5es e liga\u00e7\u00f5es entre o automatizador e a central eletr\u00f4nica. O trilho do automatizador possui um novo design e \u00e9 o \u00fanico automatizador basculante do mercado que vem com uma carenagem protetora permitindo que o motor fique totalmente protegido sem riscos de aquecimento.<\/p>\n<p><strong>Caracter\u00edsticas T\u00e9cnicas<\/strong><br \/>\n&gt; Voltagem: 220v<br \/>\n&gt; Tempo de Abertura: Em torno de 4 Segundos<br \/>\n&gt; Port\u00f5es at\u00e9 300 kg (balanceado);<br \/>\n&gt; Motoredutor em corpo de alum\u00ednio injetado, bipartido e com pintura eletrost\u00e1tica a p\u00f3 (h\u00edbrida poli\u00e9ster \/ Epoxi);<br \/>\n&gt; Carga nominal: 160N;<br \/>\n&gt; Fluxo\/hora: 15;<br \/>\n&gt; RPM: 3450;<br \/>\n&gt; Frequ\u00eancia 433,92 Mhz;<br \/>\n&gt; Fio de 180 graus;<br \/>\n&gt; Ventoinha;<br \/>\n&gt; Coroa de nylon;<br \/>\n&gt; Passo: 80;<br \/>\n&gt; Fuso de \u00d8 5\/8\u201d;<br \/>\n&gt; Central de comando: CCA.SF<br \/>\n&gt; Entrada de fotoc\u00e9lula e botoeira;<br \/>\n&gt; Sa\u00edda de luz de garagem e trava eletromagn\u00e9tica;<br \/>\n&gt; Central de comandos embarcada e dedicada;<br \/>\n&gt; Ventoinha;<br \/>\n&gt; Cadastra at\u00e9 340 controles;<br \/>\n&gt; Carenagem com prote\u00e7\u00e3o UV.<br \/>\n&gt; Led\u2019s indicadores de fim de curso abertura\/fechamento;<br \/>\n&gt; Led PGM para indicar programa\u00e7\u00e3o;<br \/>\n&gt; Sa\u00edda para m\u00f3dulo trava \/ luz de garagem &#8211; RCG;<br \/>\n&gt; Sa\u00edda 12V\/GND (Para fotoc\u00e9lula RCG);<br \/>\n&gt; Ajuste de freio eletr\u00f4nico;<br \/>\n&gt; Ajuste de for\u00e7a (embreagem);<br \/>\n&gt; Ajuste de tamanho de rampa (abertura e fechamento);<br \/>\n&gt; Ajuste do torque de rampa (abertura e fechamento);<br \/>\n&gt; Ajuste de tempo de desacelerar independente para abertura e fechamento;<br \/>\n&gt; Ajuste de for\u00e7a do desacelerar;<br \/>\n&gt; Ajuste de partida suave;<br \/>\n&gt; Op\u00e7\u00e3o de reverso;<br \/>\n&gt; Ajuste de tempo de pausa (fechamento autom\u00e1tico);<br \/>\n&gt; Registro de percurso.<\/p>\n<p><strong>Itens inclusos<\/strong><br \/>\n&gt; 01 Automatizador para Port\u00e3o Basculante BV Taurus Super Fast;<br \/>\n&gt; 01 Carenagem com prote\u00e7\u00e3o UV;<br \/>\n&gt; 01 Central de Comando com receptor 433,92 Mhz;<br \/>\n&gt; 02 Controle Remoto 433,92 Mhz;<br \/>\n&gt; 01 Bra\u00e7a de Destravamento com Trava Articulada;<br \/>\n&gt; 01 Kit fim de curso;<br \/>\n&gt; 01 Manual de instala\u00e7\u00e3o.<\/p>\n<p style=\"text-align: justify;\">Todos os automatizadores da RCG possuem 1 Ano de Garantia Contra Defeitos de Fabrica\u00e7\u00e3o e Acompanham Nota Fiscal em nome do comprador<\/p>\n<p style=\"text-align: justify;\"><em>Todos os produtos desenvolvidos pela RCG s\u00e3o submetidos a rigorosos testes de performance e qualidade, possui selo do INMETRO para os reatores, estabilizadores, automatizadores e eletrificadores de cerca, a empresa tamb\u00e9m est\u00e1 certificada pelo Sistema de Gest\u00e3o da Qualidade ISO 9001:2008*<\/em><\/p>\n","protected":false},"excerpt":{"rendered":"[video width=\"640\" height=\"352\" mp4=\"https:\/\/ciwamar.com.br\/loja\/wp-content\/uploads\/2020\/08\/VID-20160920-WA0003.mp4\"][\/video]\n","protected":false},"featured_media":56,"comment_status":"open","ping_status":"closed","template":"","meta":[],"product_brand":[],"product_cat":[21],"product_tag":[],"class_list":{"0":"post-62","1":"product","2":"type-product","3":"status-publish","4":"has-post-thumbnail","6":"product_cat-automatizador-basculante","8":"first","9":"outofstock","10":"shipping-taxable","11":"product-type-simple"},"_links":{"self":[{"href":"https:\/\/ciwamar.com.br\/loja\/wp-json\/wp\/v2\/product\/62","targetHints":{"allow":["GET"]}}],"collection":[{"href":"https:\/\/ciwamar.com.br\/loja\/wp-json\/wp\/v2\/product"}],"about":[{"href":"https:\/\/ciwamar.com.br\/loja\/wp-json\/wp\/v2\/types\/product"}],"replies":[{"embeddable":true,"href":"https:\/\/ciwamar.com.br\/loja\/wp-json\/wp\/v2\/comments?post=62"}],"wp:featuredmedia":[{"embeddable":true,"href":"https:\/\/ciwamar.com.br\/loja\/wp-json\/wp\/v2\/media\/56"}],"wp:attachment":[{"href":"https:\/\/ciwamar.com.br\/loja\/wp-json\/wp\/v2\/media?parent=62"}],"wp:term":[{"taxonomy":"product_brand","embeddable":true,"href":"https:\/\/ciwamar.com.br\/loja\/wp-json\/wp\/v2\/product_brand?post=62"},{"taxonomy":"product_cat","embeddable":true,"href":"https:\/\/ciwamar.com.br\/loja\/wp-json\/wp\/v2\/product_cat?post=62"},{"taxonomy":"product_tag","embeddable":true,"href":"https:\/\/ciwamar.com.br\/loja\/wp-json\/wp\/v2\/product_tag?post=62"}],"curies":[{"name":"wp","href":"https:\/\/api.w.org\/{rel}","templated":true}]}}