{"id":2428,"date":"2023-05-18T20:04:14","date_gmt":"2023-05-18T23:04:14","guid":{"rendered":"https:\/\/ciwamar.com.br\/loja\/?post_type=product&#038;p=2428"},"modified":"2023-05-18T20:17:39","modified_gmt":"2023-05-18T23:17:39","slug":"central-para-motor-izzy-agl-com-wi-fi-e-bluetooth","status":"publish","type":"product","link":"https:\/\/ciwamar.com.br\/loja\/produto\/central-para-motor-izzy-agl-com-wi-fi-e-bluetooth\/","title":{"rendered":"CENTRAL PARA MOTOR IZZY AGL COM WI-FI E BLUETOOTH"},"content":{"rendered":"<p><strong>CENTRAL DE COMANDO\u00a0IZZY AGL COM WI-FI E BLUETOOTH PARA AUTOMATIZADOR DE PORT\u00c3O DESLIZANTE, BASCULANTE E PIVOTANTE<\/strong><\/p>\n<p><strong>Caracter\u00edsticas T\u00e9cnicas<\/strong><br \/>\n&gt; Bivolts 127\/220V<br \/>\n&gt; Memoria interna<br \/>\n&gt; Capacidade de mem\u00f3ria de 1024 controles<br \/>\n&gt; Receptor digital, n\u00e3o perde a calibra\u00e7\u00e3o de frequ\u00eancia dos 433,92Mhz<br \/>\n&gt; Rampa de partida e de chegada<br \/>\n&gt; Fus\u00edvel de prote\u00e7\u00e3o de 5A<br \/>\n&gt; Capacidade para motores de ate 1\/2CV em 220V ou 1\/3CV em 127V<br \/>\n&gt; Fus\u00edvel de a\u00e7\u00e3o r\u00e1pida de 5A, NCT e Varistor<br \/>\n&gt; Aprendizado de percurso com ou sem encoder<br \/>\n&gt; Led que indica controle pressionado e encoder funcionando<br \/>\n&gt; Entrada para fotoc\u00e9lula<br \/>\n&gt; Sa\u00edda para fechadura<br \/>\n&gt; Sa\u00edda para luz de garagem<br \/>\n&gt; Sa\u00edda para sinaleira<br \/>\n&gt; Sistema de anti aprisionamento por encoder<br \/>\n&gt; Prote\u00e7\u00e3o nas entradas de fim de curso e botoeira: menor risco de queima do microcontrolador<br \/>\n&gt; Freio (DC) do motor nas paradas: evita passar do fim de curso (in\u00e9rcia do port\u00e3o)<br \/>\n&gt; Se estiver com o m\u00f3dulo wifi\/bluetooth, toda a configura\u00e7\u00e3o e opera\u00e7\u00e3o poder\u00e1 ser feita pelo smartphone<\/p>\n<p>&nbsp;<\/p>\n<p><strong>Itens inclusos<\/strong><br \/>\n&gt; 01 Placa de comando Izzy AGL com wi-fi e Bluetooth\u00a0433,92 Mhz<br \/>\n&gt; 01 Manual de Instala\u00e7\u00e3o e configura\u00e7\u00e3o<\/p>\n<div><\/div>\n<p>&nbsp;<\/p>\n","protected":false},"excerpt":{"rendered":"<p>CENTRAL DE COMANDO\u00a0IZZY AGL COM WI-FI E BLUETOOTH PARA AUTOMATIZADOR DE PORT\u00c3O DESLIZANTE, BASCULANTE E PIVOTANTE Caracter\u00edsticas T\u00e9cnicas &gt; Bivolts 127\/220V &gt; Memoria interna &gt; Capacidade de mem\u00f3ria de 1024 controles &gt; Receptor digital, n\u00e3o perde a calibra\u00e7\u00e3o de frequ\u00eancia dos 433,92Mhz &gt; Rampa de partida e de chegada &gt; Fus\u00edvel de prote\u00e7\u00e3o de 5A [&hellip;]<\/p>\n","protected":false},"featured_media":2429,"comment_status":"open","ping_status":"closed","template":"","meta":[],"product_brand":[],"product_cat":[42],"product_tag":[],"class_list":{"0":"post-2428","1":"product","2":"type-product","3":"status-publish","4":"has-post-thumbnail","6":"product_cat-pecas","8":"first","9":"instock","10":"shipping-taxable","11":"purchasable","12":"product-type-simple"},"_links":{"self":[{"href":"https:\/\/ciwamar.com.br\/loja\/wp-json\/wp\/v2\/product\/2428","targetHints":{"allow":["GET"]}}],"collection":[{"href":"https:\/\/ciwamar.com.br\/loja\/wp-json\/wp\/v2\/product"}],"about":[{"href":"https:\/\/ciwamar.com.br\/loja\/wp-json\/wp\/v2\/types\/product"}],"replies":[{"embeddable":true,"href":"https:\/\/ciwamar.com.br\/loja\/wp-json\/wp\/v2\/comments?post=2428"}],"wp:featuredmedia":[{"embeddable":true,"href":"https:\/\/ciwamar.com.br\/loja\/wp-json\/wp\/v2\/media\/2429"}],"wp:attachment":[{"href":"https:\/\/ciwamar.com.br\/loja\/wp-json\/wp\/v2\/media?parent=2428"}],"wp:term":[{"taxonomy":"product_brand","embeddable":true,"href":"https:\/\/ciwamar.com.br\/loja\/wp-json\/wp\/v2\/product_brand?post=2428"},{"taxonomy":"product_cat","embeddable":true,"href":"https:\/\/ciwamar.com.br\/loja\/wp-json\/wp\/v2\/product_cat?post=2428"},{"taxonomy":"product_tag","embeddable":true,"href":"https:\/\/ciwamar.com.br\/loja\/wp-json\/wp\/v2\/product_tag?post=2428"}],"curies":[{"name":"wp","href":"https:\/\/api.w.org\/{rel}","templated":true}]}}