{"id":2281,"date":"2021-06-14T17:10:46","date_gmt":"2021-06-14T20:10:46","guid":{"rendered":"https:\/\/ciwamar.com.br\/loja\/?post_type=product&#038;p=2281"},"modified":"2021-10-30T05:10:23","modified_gmt":"2021-10-30T08:10:23","slug":"barra-dentada-150m-chapa-18-gomo-aluminio","status":"publish","type":"product","link":"https:\/\/ciwamar.com.br\/loja\/produto\/barra-dentada-150m-chapa-18-gomo-aluminio\/","title":{"rendered":"Barra Dentada 1,50M Chapa 18 Gomo Aluminio"},"content":{"rendered":"<p><strong>Caracter\u00edsticas T\u00e9cnicas<\/strong><br \/>\n&gt; Barra de 1,50 metros.<br \/>\n&gt; Cantoneira em chapa 18 de a\u00e7o galvanizada.<br \/>\n&gt; Modulo dentado em\u00a0 aluminio de alta resist\u00eancia.<br \/>\n&gt; Para uso com automatizador deslizante linha speed e linha trino 700 e 900.<\/p>\n<p><strong>Itens inclusos<\/strong><br \/>\n&gt; 01 BARRA DENTADA INDUSTRIAL PERFIL A\u00c7O GOMO ALUMINIO 1,5 METROS MOD 4;<\/p>\n<div><em>Todos os produtos desenvolvidos pela AGL s\u00e3o submetidos a rigorosos testes de performance e qualidade, possui selo do INMETRO\u00a0<\/em><\/div>\n","protected":false},"excerpt":{"rendered":"<p>Caracter\u00edsticas T\u00e9cnicas &gt; Barra de 1,50 metros. &gt; Cantoneira em chapa 18 de a\u00e7o galvanizada. &gt; Modulo dentado em\u00a0 aluminio de alta resist\u00eancia. &gt; Para uso com automatizador deslizante linha speed e linha trino 700 e 900. Itens inclusos &gt; 01 BARRA DENTADA INDUSTRIAL PERFIL A\u00c7O GOMO ALUMINIO 1,5 METROS MOD 4; Todos os produtos [&hellip;]<\/p>\n","protected":false},"featured_media":2283,"comment_status":"open","ping_status":"closed","template":"","meta":[],"product_brand":[],"product_cat":[41],"product_tag":[],"class_list":{"0":"post-2281","1":"product","2":"type-product","3":"status-publish","4":"has-post-thumbnail","6":"product_cat-acessorios","8":"first","9":"instock","10":"shipping-taxable","11":"purchasable","12":"product-type-simple"},"_links":{"self":[{"href":"https:\/\/ciwamar.com.br\/loja\/wp-json\/wp\/v2\/product\/2281","targetHints":{"allow":["GET"]}}],"collection":[{"href":"https:\/\/ciwamar.com.br\/loja\/wp-json\/wp\/v2\/product"}],"about":[{"href":"https:\/\/ciwamar.com.br\/loja\/wp-json\/wp\/v2\/types\/product"}],"replies":[{"embeddable":true,"href":"https:\/\/ciwamar.com.br\/loja\/wp-json\/wp\/v2\/comments?post=2281"}],"wp:featuredmedia":[{"embeddable":true,"href":"https:\/\/ciwamar.com.br\/loja\/wp-json\/wp\/v2\/media\/2283"}],"wp:attachment":[{"href":"https:\/\/ciwamar.com.br\/loja\/wp-json\/wp\/v2\/media?parent=2281"}],"wp:term":[{"taxonomy":"product_brand","embeddable":true,"href":"https:\/\/ciwamar.com.br\/loja\/wp-json\/wp\/v2\/product_brand?post=2281"},{"taxonomy":"product_cat","embeddable":true,"href":"https:\/\/ciwamar.com.br\/loja\/wp-json\/wp\/v2\/product_cat?post=2281"},{"taxonomy":"product_tag","embeddable":true,"href":"https:\/\/ciwamar.com.br\/loja\/wp-json\/wp\/v2\/product_tag?post=2281"}],"curies":[{"name":"wp","href":"https:\/\/api.w.org\/{rel}","templated":true}]}}