{"id":2206,"date":"2020-10-12T11:33:43","date_gmt":"2020-10-12T14:33:43","guid":{"rendered":"https:\/\/ciwamar.com.br\/loja\/?post_type=product&#038;p=2206"},"modified":"2022-10-16T02:59:11","modified_gmt":"2022-10-16T05:59:11","slug":"kit-automatizador-rapido-e-inteligente-para-portao-deslizante-conj-movimentador-inteligente-izzy-soft-220v-50-60hz-com-b-aluminio-copia","status":"publish","type":"product","link":"https:\/\/ciwamar.com.br\/loja\/produto\/kit-automatizador-rapido-e-inteligente-para-portao-deslizante-conj-movimentador-inteligente-izzy-soft-220v-50-60hz-com-b-aluminio-copia\/","title":{"rendered":"Kit Automatizador R\u00e1pido e Inteligente para Port\u00e3o Deslizante (Conj. Movimentador Inteligente Izzy Soft 220V  50-60Hz com B. ALUM\u00cdNIO)"},"content":{"rendered":"<p><strong>Automatizador para Port\u00e3o Deslizante Inteligente Izzy Soft Base\u00a0<\/strong><b>Alum\u00ednio RAPIDO<\/b><br \/>\n\u2022 Dual mode Wi-fi + Bluetooth (rede sem fio 2.4GHz);<br \/>\n\u2022 Acionamento e controle \u00e0 dist\u00e2ncia via aplicativo AGL HOME ou comando de voz;<br \/>\n\u2022 Hist\u00f3rico de abertura e fechamento de port\u00e3o;<br \/>\n\u2022 Indica\u00e7\u00e3o de port\u00e3o aberto ou fechado pelo aplicativo;<br \/>\n\u2022 Notifica\u00e7\u00f5es push instant\u00e2neas via smartphone;<br \/>\n\u2022 12 fun\u00e7\u00f5es para ajuste e configura\u00e7\u00e3o da instala\u00e7\u00e3o;<br \/>\n\u2022 Compat\u00edvel com assistentes de voz (Alexa, Siri, Google Assistant);<br \/>\n\u2022\u00a0Velocidade de abertura do port\u00e3o devidamente balanceado de 3\u00a0metros em aproximadamente 12 segundos;<br \/>\n\u2022 Embreagem de f\u00e1cil regulagem controlada via aplicativo;<br \/>\n\u2022 Destravamento para manual: por chave;<br \/>\n\u2022 Protetor t\u00e9rmico contra queima por aquecimento;<br \/>\n\u2022 Freio eletr\u00f4nico e sistema antiaprisionamento;<br \/>\n\u2022 Sa\u00edda para fotoc\u00e9lula e botoeira;<br \/>\n\u2022 Sa\u00edda para luz de garagem trava e sinaleira<br \/>\n(necess\u00e1rio o uso da Placa Acionadora).<br \/>\n\u2022 A Engrenagem \u00e9 feita em metal super resistente de 17 dentes.<br \/>\n\u2022 Fechamento Temporizado Autom\u00e1tico.<br \/>\n\u2022 Pot\u00eancia para port\u00f5es de at\u00e9 300kg com baixo fluxo de abertura.<br \/>\n\u2022 Abertura e fechamento de at\u00e9 35 vezes por hora.<br \/>\n\u2022 Carenagem em Pl\u00e1stico Industrial.<br \/>\n\u2022 Base: Aluminio.<\/p>\n<p>Marca AGL<\/p>\n<p><strong>Caracter\u00edsticas T\u00e9cnicas<\/strong><br \/>\n&gt; Motor Weg<br \/>\n&gt; Voltagem: 220V<br \/>\n&gt; Port\u00f5es Deslizante;<br \/>\n&gt; Frequ\u00eancia 433,92 Mhz;<br \/>\n&gt; Central de comandos embarcada e dedicada dual mode Wi-fi + Bluetooth (rede sem fio 2.4GHz);<br \/>\n&gt; Ventoinha;<br \/>\n&gt; Cadastra at\u00e9 1024 controles;<br \/>\n&gt; Abertura e fechamento RAPIDO.<\/p>\n<p><strong>Itens inclusos<\/strong><br \/>\n&gt; 01 Automatizador para Port\u00e3o Deslizante Intelegente IZZY\u00a0 Soft\u00a0 220V;<br \/>\n&gt; 01 Carenagem com prote\u00e7\u00e3o;<br \/>\n&gt; 01 Central de Comando com receptor 433,92 Mhz dual mode Wi-fi + Bluetooth (rede sem fio 2.4GHz);<br \/>\n&gt; 02 Controle Remoto 433,92 Mhz;<br \/>\n&gt; 02 Barras de Cremalheira de 1,5 metros ( Total de 03 metros);<br \/>\n&gt; 01 Kit fim de curso;<br \/>\n&gt; 01 Manual de instala\u00e7\u00e3o.<\/p>\n<p>Produto certificado pelo\u00a0<em>INMETRO\u00a0<\/em><\/p>\n","protected":false},"excerpt":{"rendered":"[video width=\"1280\" height=\"720\" mp4=\"https:\/\/ciwamar.com.br\/loja\/wp-content\/uploads\/2018\/08\/Motor-de-garagem-inteligente-WiFi-.mp4\"][\/video]\n","protected":false},"featured_media":2207,"comment_status":"open","ping_status":"closed","template":"","meta":[],"product_brand":[],"product_cat":[19],"product_tag":[],"class_list":{"0":"post-2206","1":"product","2":"type-product","3":"status-publish","4":"has-post-thumbnail","6":"product_cat-automatizador-deslizante-residencial","8":"first","9":"outofstock","10":"featured","11":"shipping-taxable","12":"product-type-simple"},"_links":{"self":[{"href":"https:\/\/ciwamar.com.br\/loja\/wp-json\/wp\/v2\/product\/2206","targetHints":{"allow":["GET"]}}],"collection":[{"href":"https:\/\/ciwamar.com.br\/loja\/wp-json\/wp\/v2\/product"}],"about":[{"href":"https:\/\/ciwamar.com.br\/loja\/wp-json\/wp\/v2\/types\/product"}],"replies":[{"embeddable":true,"href":"https:\/\/ciwamar.com.br\/loja\/wp-json\/wp\/v2\/comments?post=2206"}],"wp:featuredmedia":[{"embeddable":true,"href":"https:\/\/ciwamar.com.br\/loja\/wp-json\/wp\/v2\/media\/2207"}],"wp:attachment":[{"href":"https:\/\/ciwamar.com.br\/loja\/wp-json\/wp\/v2\/media?parent=2206"}],"wp:term":[{"taxonomy":"product_brand","embeddable":true,"href":"https:\/\/ciwamar.com.br\/loja\/wp-json\/wp\/v2\/product_brand?post=2206"},{"taxonomy":"product_cat","embeddable":true,"href":"https:\/\/ciwamar.com.br\/loja\/wp-json\/wp\/v2\/product_cat?post=2206"},{"taxonomy":"product_tag","embeddable":true,"href":"https:\/\/ciwamar.com.br\/loja\/wp-json\/wp\/v2\/product_tag?post=2206"}],"curies":[{"name":"wp","href":"https:\/\/api.w.org\/{rel}","templated":true}]}}