{"id":2117,"date":"2020-07-08T02:36:26","date_gmt":"2020-07-08T05:36:26","guid":{"rendered":"https:\/\/ciwamar.com.br\/loja\/?post_type=product&#038;p=2117"},"modified":"2022-03-22T15:33:45","modified_gmt":"2022-03-22T18:33:45","slug":"sinaleiro-vision-led-preto","status":"publish","type":"product","link":"https:\/\/ciwamar.com.br\/loja\/produto\/sinaleiro-vision-led-preto\/","title":{"rendered":"Sinaleiro Vision LED preto"},"content":{"rendered":"<p class=\"font_8\"><span class=\"color_18\">Caracter\u00edsticas:<\/span><\/p>\n<p class=\"font_8\"><span class=\"color_18\">\u2022 Tens\u00e3o 127\/220v &#8211; Bivolt autom\u00e1tico;<\/span><\/p>\n<p class=\"font_8\"><span class=\"color_18\">\u2022 Sinaliza\u00e7\u00e3o visual nas cores amarelo e vermelho;<\/span><\/p>\n<p class=\"font_8\"><span class=\"color_18\">\u2022 Sinaliza\u00e7\u00e3o sonora com volume e frequ\u00eancia ajust\u00e1veis;<\/span><\/p>\n<p class=\"font_8\"><span class=\"color_18\">\u2022 Sensor de identifica\u00e7\u00e3o dia\/noite.<\/span><\/p>\n","protected":false},"excerpt":{"rendered":"<p>Caracter\u00edsticas: \u2022 Tens\u00e3o 127\/220v &#8211; Bivolt autom\u00e1tico; \u2022 Sinaliza\u00e7\u00e3o visual nas cores amarelo e vermelho; \u2022 Sinaliza\u00e7\u00e3o sonora com volume e frequ\u00eancia ajust\u00e1veis; \u2022 Sensor de identifica\u00e7\u00e3o dia\/noite.<\/p>\n","protected":false},"featured_media":2119,"comment_status":"open","ping_status":"closed","template":"","meta":[],"product_brand":[],"product_cat":[41],"product_tag":[],"class_list":{"0":"post-2117","1":"product","2":"type-product","3":"status-publish","4":"has-post-thumbnail","6":"product_cat-acessorios","8":"first","9":"instock","10":"shipping-taxable","11":"purchasable","12":"product-type-simple"},"_links":{"self":[{"href":"https:\/\/ciwamar.com.br\/loja\/wp-json\/wp\/v2\/product\/2117","targetHints":{"allow":["GET"]}}],"collection":[{"href":"https:\/\/ciwamar.com.br\/loja\/wp-json\/wp\/v2\/product"}],"about":[{"href":"https:\/\/ciwamar.com.br\/loja\/wp-json\/wp\/v2\/types\/product"}],"replies":[{"embeddable":true,"href":"https:\/\/ciwamar.com.br\/loja\/wp-json\/wp\/v2\/comments?post=2117"}],"wp:featuredmedia":[{"embeddable":true,"href":"https:\/\/ciwamar.com.br\/loja\/wp-json\/wp\/v2\/media\/2119"}],"wp:attachment":[{"href":"https:\/\/ciwamar.com.br\/loja\/wp-json\/wp\/v2\/media?parent=2117"}],"wp:term":[{"taxonomy":"product_brand","embeddable":true,"href":"https:\/\/ciwamar.com.br\/loja\/wp-json\/wp\/v2\/product_brand?post=2117"},{"taxonomy":"product_cat","embeddable":true,"href":"https:\/\/ciwamar.com.br\/loja\/wp-json\/wp\/v2\/product_cat?post=2117"},{"taxonomy":"product_tag","embeddable":true,"href":"https:\/\/ciwamar.com.br\/loja\/wp-json\/wp\/v2\/product_tag?post=2117"}],"curies":[{"name":"wp","href":"https:\/\/api.w.org\/{rel}","templated":true}]}}