{"id":2106,"date":"2020-07-08T01:05:36","date_gmt":"2020-07-08T04:05:36","guid":{"rendered":"https:\/\/ciwamar.com.br\/loja\/?post_type=product&#038;p=2106"},"modified":"2020-09-01T01:10:04","modified_gmt":"2020-09-01T04:10:04","slug":"fechadura-agl-reversivel-al100r-12v-preta-42mm-chave-tetra","status":"publish","type":"product","link":"https:\/\/ciwamar.com.br\/loja\/produto\/fechadura-agl-reversivel-al100r-12v-preta-42mm-chave-tetra\/","title":{"rendered":"Fechadura AGL Reversivel AL100R 12V Preta 42mm Chave Tetra"},"content":{"rendered":"<p>Fechadura AGL Reversivel pode ser instalada em porta ou port\u00f5es com abertura para dentro ou para fora, abertura da porta\u00a0direita ou esquerda.<\/p>\n<p>Fechadura 12 volts \u00e9 para ser ligada em porteiros eletr\u00f4nicos, controle de acesso,\u00a0acionador de fechadura etc&#8230;<\/p>\n<p>Fechadura com chave tetra para dar mais seguran\u00e7a<\/p>\n<p class=\"font_8\"><span class=\"color_18\"><span class=\"wixGuard\">\u200b<strong>Caracter\u00edsticas T\u00e9cnicas:<\/strong><\/span><\/span><\/p>\n<p>&gt; Abertura de porta atrav\u00e9s de porteiros eletronicos, controle de acesso,\u00a0acionador de fechadur, modulo Wi-Fi etc;<br \/>\n&gt; Chave Tetra;<br \/>\n&gt; F\u00e1cil instala\u00e7\u00e3o;<br \/>\n&gt; Alimenta\u00e7\u00e3o 12V.<\/p>\n<p><span class=\"color_18\"><br \/>\n<strong>Itens inclusos<\/strong><\/span><\/p>\n<p><span class=\"color_18\">&gt; 01 Fechadura AGL Reversivel AL100R 12V Preta 42mm Chave Tetra<\/p>\n<p><\/span><\/p>\n<p>Produto certificado pelo\u00a0<em>INMETRO\u00a0<\/em><\/p>\n<div><\/div>\n","protected":false},"excerpt":{"rendered":"<p>Fechadura AGL Reversivel pode ser instalada em porta ou port\u00f5es com abertura para dentro ou para fora, abertura da porta\u00a0direita ou esquerda. Fechadura 12 volts \u00e9 para ser ligada em porteiros eletr\u00f4nicos, controle de acesso,\u00a0acionador de fechadura etc&#8230; Fechadura com chave tetra para dar mais seguran\u00e7a \u200bCaracter\u00edsticas T\u00e9cnicas: &gt; Abertura de porta atrav\u00e9s de porteiros [&hellip;]<\/p>\n","protected":false},"featured_media":2108,"comment_status":"open","ping_status":"closed","template":"","meta":[],"product_brand":[],"product_cat":[41],"product_tag":[],"class_list":{"0":"post-2106","1":"product","2":"type-product","3":"status-publish","4":"has-post-thumbnail","6":"product_cat-acessorios","8":"first","9":"instock","10":"shipping-taxable","11":"purchasable","12":"product-type-simple"},"_links":{"self":[{"href":"https:\/\/ciwamar.com.br\/loja\/wp-json\/wp\/v2\/product\/2106","targetHints":{"allow":["GET"]}}],"collection":[{"href":"https:\/\/ciwamar.com.br\/loja\/wp-json\/wp\/v2\/product"}],"about":[{"href":"https:\/\/ciwamar.com.br\/loja\/wp-json\/wp\/v2\/types\/product"}],"replies":[{"embeddable":true,"href":"https:\/\/ciwamar.com.br\/loja\/wp-json\/wp\/v2\/comments?post=2106"}],"wp:featuredmedia":[{"embeddable":true,"href":"https:\/\/ciwamar.com.br\/loja\/wp-json\/wp\/v2\/media\/2108"}],"wp:attachment":[{"href":"https:\/\/ciwamar.com.br\/loja\/wp-json\/wp\/v2\/media?parent=2106"}],"wp:term":[{"taxonomy":"product_brand","embeddable":true,"href":"https:\/\/ciwamar.com.br\/loja\/wp-json\/wp\/v2\/product_brand?post=2106"},{"taxonomy":"product_cat","embeddable":true,"href":"https:\/\/ciwamar.com.br\/loja\/wp-json\/wp\/v2\/product_cat?post=2106"},{"taxonomy":"product_tag","embeddable":true,"href":"https:\/\/ciwamar.com.br\/loja\/wp-json\/wp\/v2\/product_tag?post=2106"}],"curies":[{"name":"wp","href":"https:\/\/api.w.org\/{rel}","templated":true}]}}