{"id":2100,"date":"2020-07-07T23:29:37","date_gmt":"2020-07-08T02:29:37","guid":{"rendered":"https:\/\/ciwamar.com.br\/loja\/?post_type=product&#038;p=2100"},"modified":"2020-08-31T04:05:35","modified_gmt":"2020-08-31T07:05:35","slug":"modulo-rele-wifi-2-canais-agl","status":"publish","type":"product","link":"https:\/\/ciwamar.com.br\/loja\/produto\/modulo-rele-wifi-2-canais-agl\/","title":{"rendered":"M\u00f3dulo Rel\u00e9 WiFi &#8211; 2 Canais AGL"},"content":{"rendered":"<p>&nbsp;<\/p>\n<p>Com o m\u00f3dulo\u00a0WiFi\u00a0AGL voc\u00ea pode controlar at\u00e9 2 dispositivos de qualquer lugar que voc\u00ea esteja, voc\u00ea tamb\u00e9m pode adicionar mais m\u00f3dulos e controlar todos pelo mesmo aplicativo.<br \/>\nComo exemplo voc\u00ea pode controlar : L\u00e2mpadas, eletrodom\u00e9sticos , fechaduras el\u00e9tricas , motor de garagem e v\u00e1rios outros equipamentos eletr\u00f4nicos.<\/p>\n<p>1 &#8211; Voc\u00ea pode controlar equipamentos eletr\u00f4nicos 110\/220V &#8211; 3A<br \/>\n2 &#8211; Voc\u00ea pode controlar equipamentos que possuem entrada tipo contato seco ( Rel\u00e9 )<\/p>\n<p>Consulte o manual e v\u00eddeos no canal youtube AGL para uma liga\u00e7\u00e3o correta e segura !<\/p>\n<p><strong>Itens inclusos<\/strong><br \/>\n&gt; 01 M\u00f3dulo Rel\u00e9 WiFi &#8211; 2 Canais;<\/p>\n<div><\/div>\n","protected":false},"excerpt":{"rendered":"<p>&nbsp; Com o m\u00f3dulo\u00a0WiFi\u00a0AGL voc\u00ea pode controlar at\u00e9 2 dispositivos de qualquer lugar que voc\u00ea esteja, voc\u00ea tamb\u00e9m pode adicionar mais m\u00f3dulos e controlar todos pelo mesmo aplicativo. Como exemplo voc\u00ea pode controlar : L\u00e2mpadas, eletrodom\u00e9sticos , fechaduras el\u00e9tricas , motor de garagem e v\u00e1rios outros equipamentos eletr\u00f4nicos. 1 &#8211; Voc\u00ea pode controlar equipamentos eletr\u00f4nicos [&hellip;]<\/p>\n","protected":false},"featured_media":2101,"comment_status":"open","ping_status":"closed","template":"","meta":[],"product_brand":[],"product_cat":[41],"product_tag":[],"class_list":{"0":"post-2100","1":"product","2":"type-product","3":"status-publish","4":"has-post-thumbnail","6":"product_cat-acessorios","8":"first","9":"instock","10":"shipping-taxable","11":"purchasable","12":"product-type-simple"},"_links":{"self":[{"href":"https:\/\/ciwamar.com.br\/loja\/wp-json\/wp\/v2\/product\/2100","targetHints":{"allow":["GET"]}}],"collection":[{"href":"https:\/\/ciwamar.com.br\/loja\/wp-json\/wp\/v2\/product"}],"about":[{"href":"https:\/\/ciwamar.com.br\/loja\/wp-json\/wp\/v2\/types\/product"}],"replies":[{"embeddable":true,"href":"https:\/\/ciwamar.com.br\/loja\/wp-json\/wp\/v2\/comments?post=2100"}],"wp:featuredmedia":[{"embeddable":true,"href":"https:\/\/ciwamar.com.br\/loja\/wp-json\/wp\/v2\/media\/2101"}],"wp:attachment":[{"href":"https:\/\/ciwamar.com.br\/loja\/wp-json\/wp\/v2\/media?parent=2100"}],"wp:term":[{"taxonomy":"product_brand","embeddable":true,"href":"https:\/\/ciwamar.com.br\/loja\/wp-json\/wp\/v2\/product_brand?post=2100"},{"taxonomy":"product_cat","embeddable":true,"href":"https:\/\/ciwamar.com.br\/loja\/wp-json\/wp\/v2\/product_cat?post=2100"},{"taxonomy":"product_tag","embeddable":true,"href":"https:\/\/ciwamar.com.br\/loja\/wp-json\/wp\/v2\/product_tag?post=2100"}],"curies":[{"name":"wp","href":"https:\/\/api.w.org\/{rel}","templated":true}]}}