{"id":2092,"date":"2020-07-04T05:03:36","date_gmt":"2020-07-04T08:03:36","guid":{"rendered":"https:\/\/ciwamar.com.br\/loja\/?post_type=product&#038;p=2092"},"modified":"2022-10-16T03:02:27","modified_gmt":"2022-10-16T06:02:27","slug":"suporte-para-fixacao-de-automatizador-basculante-universal","status":"publish","type":"product","link":"https:\/\/ciwamar.com.br\/loja\/produto\/suporte-para-fixacao-de-automatizador-basculante-universal\/","title":{"rendered":"Suporte para Fixa\u00e7\u00e3o de Automatizador Basculante Universal"},"content":{"rendered":"<p><strong>Caracter\u00edsticas T\u00e9cnicas<\/strong><br \/>\n&gt; Suporte para fixar o automatizador no port\u00e3o basculante.<\/p>\n<p><strong>Itens inclusos<\/strong><br \/>\n&gt; 01 Suporte Fixa\u00e7\u00e3o BV Universal;<\/p>\n<div><\/div>\n","protected":false},"excerpt":{"rendered":"<p>Caracter\u00edsticas T\u00e9cnicas &gt; Suporte para fixar o automatizador no port\u00e3o basculante. Itens inclusos &gt; 01 Suporte Fixa\u00e7\u00e3o BV Universal;<\/p>\n","protected":false},"featured_media":2094,"comment_status":"open","ping_status":"closed","template":"","meta":[],"product_brand":[],"product_cat":[41],"product_tag":[],"class_list":{"0":"post-2092","1":"product","2":"type-product","3":"status-publish","4":"has-post-thumbnail","6":"product_cat-acessorios","8":"first","9":"outofstock","10":"shipping-taxable","11":"product-type-simple"},"_links":{"self":[{"href":"https:\/\/ciwamar.com.br\/loja\/wp-json\/wp\/v2\/product\/2092","targetHints":{"allow":["GET"]}}],"collection":[{"href":"https:\/\/ciwamar.com.br\/loja\/wp-json\/wp\/v2\/product"}],"about":[{"href":"https:\/\/ciwamar.com.br\/loja\/wp-json\/wp\/v2\/types\/product"}],"replies":[{"embeddable":true,"href":"https:\/\/ciwamar.com.br\/loja\/wp-json\/wp\/v2\/comments?post=2092"}],"wp:featuredmedia":[{"embeddable":true,"href":"https:\/\/ciwamar.com.br\/loja\/wp-json\/wp\/v2\/media\/2094"}],"wp:attachment":[{"href":"https:\/\/ciwamar.com.br\/loja\/wp-json\/wp\/v2\/media?parent=2092"}],"wp:term":[{"taxonomy":"product_brand","embeddable":true,"href":"https:\/\/ciwamar.com.br\/loja\/wp-json\/wp\/v2\/product_brand?post=2092"},{"taxonomy":"product_cat","embeddable":true,"href":"https:\/\/ciwamar.com.br\/loja\/wp-json\/wp\/v2\/product_cat?post=2092"},{"taxonomy":"product_tag","embeddable":true,"href":"https:\/\/ciwamar.com.br\/loja\/wp-json\/wp\/v2\/product_tag?post=2092"}],"curies":[{"name":"wp","href":"https:\/\/api.w.org\/{rel}","templated":true}]}}