{"id":2073,"date":"2020-05-31T22:45:49","date_gmt":"2020-06-01T01:45:49","guid":{"rendered":"https:\/\/ciwamar.com.br\/loja\/?post_type=product&#038;p=2073"},"modified":"2023-03-09T14:07:17","modified_gmt":"2023-03-09T17:07:17","slug":"barra-dentada-150m-chapa-18","status":"publish","type":"product","link":"https:\/\/ciwamar.com.br\/loja\/produto\/barra-dentada-150m-chapa-18\/","title":{"rendered":"Barra Dentada 1,50M Chapa 18"},"content":{"rendered":"<p><strong>Caracter\u00edsticas T\u00e9cnicas<\/strong><br \/>\n&gt; Barra de 1,50 metros.<br \/>\n&gt; Cantoneira em chapa 18 de a\u00e7o galvanizada.<br \/>\n&gt; Modulo dentado em\u00a0 nylon preto de alta resist\u00eancia.<br \/>\n&gt; Para uso com automatizador deslizante residencial.<\/p>\n<p><strong>Itens inclusos<\/strong><br \/>\n&gt; 01 Barra de Cremalheira 1,50M;<\/p>\n<div><em>Todos os produtos desenvolvidos pela AGL s\u00e3o submetidos a rigorosos testes de performance e qualidade, possui selo do INMETRO\u00a0<\/em><\/div>\n","protected":false},"excerpt":{"rendered":"<p>Caracter\u00edsticas T\u00e9cnicas &gt; Barra de 1,50 metros. &gt; Cantoneira em chapa 18 de a\u00e7o galvanizada. &gt; Modulo dentado em\u00a0 nylon preto de alta resist\u00eancia. &gt; Para uso com automatizador deslizante residencial. Itens inclusos &gt; 01 Barra de Cremalheira 1,50M; Todos os produtos desenvolvidos pela AGL s\u00e3o submetidos a rigorosos testes de performance e qualidade, possui [&hellip;]<\/p>\n","protected":false},"featured_media":125,"comment_status":"open","ping_status":"closed","template":"","meta":[],"product_brand":[],"product_cat":[41],"product_tag":[],"class_list":{"0":"post-2073","1":"product","2":"type-product","3":"status-publish","4":"has-post-thumbnail","6":"product_cat-acessorios","8":"first","9":"instock","10":"shipping-taxable","11":"purchasable","12":"product-type-simple"},"_links":{"self":[{"href":"https:\/\/ciwamar.com.br\/loja\/wp-json\/wp\/v2\/product\/2073","targetHints":{"allow":["GET"]}}],"collection":[{"href":"https:\/\/ciwamar.com.br\/loja\/wp-json\/wp\/v2\/product"}],"about":[{"href":"https:\/\/ciwamar.com.br\/loja\/wp-json\/wp\/v2\/types\/product"}],"replies":[{"embeddable":true,"href":"https:\/\/ciwamar.com.br\/loja\/wp-json\/wp\/v2\/comments?post=2073"}],"wp:featuredmedia":[{"embeddable":true,"href":"https:\/\/ciwamar.com.br\/loja\/wp-json\/wp\/v2\/media\/125"}],"wp:attachment":[{"href":"https:\/\/ciwamar.com.br\/loja\/wp-json\/wp\/v2\/media?parent=2073"}],"wp:term":[{"taxonomy":"product_brand","embeddable":true,"href":"https:\/\/ciwamar.com.br\/loja\/wp-json\/wp\/v2\/product_brand?post=2073"},{"taxonomy":"product_cat","embeddable":true,"href":"https:\/\/ciwamar.com.br\/loja\/wp-json\/wp\/v2\/product_cat?post=2073"},{"taxonomy":"product_tag","embeddable":true,"href":"https:\/\/ciwamar.com.br\/loja\/wp-json\/wp\/v2\/product_tag?post=2073"}],"curies":[{"name":"wp","href":"https:\/\/api.w.org\/{rel}","templated":true}]}}