{"id":2030,"date":"2020-04-03T15:03:16","date_gmt":"2020-04-03T18:03:16","guid":{"rendered":"https:\/\/ciwamar.com.br\/loja\/?post_type=product&#038;p=2030"},"modified":"2025-08-18T17:33:42","modified_gmt":"2025-08-18T20:33:42","slug":"controle-inter-digi-digital-key-6p20-43392-cinza-com-botao-preto-agl","status":"publish","type":"product","link":"https:\/\/ciwamar.com.br\/loja\/produto\/controle-inter-digi-digital-key-6p20-43392-cinza-com-botao-preto-agl\/","title":{"rendered":"Controle  (INTER. DIGI. DIGITAL KEY 6P20 433,92 CINZA COM BOTAO PRETO AGL)"},"content":{"rendered":"<p><strong>Caracter\u00edsticas T\u00e9cnicas<\/strong><br \/>\n&gt; Quatro canais independentes (bot\u00f5es).<br \/>\n&gt; Padr\u00e3o Code Learning.<br \/>\n&gt; Led indicador<br \/>\n&gt; Frequ\u00eancia 433,92Mhz<br \/>\n&gt; Com clip.<\/p>\n<p><strong>Itens inclusos<\/strong><br \/>\n&gt; 01 Controle Remoto 433,92 Mhz;<\/p>\n<div><\/div>\n","protected":false},"excerpt":{"rendered":"<p>Caracter\u00edsticas T\u00e9cnicas &gt; Quatro canais independentes (bot\u00f5es). &gt; Padr\u00e3o Code Learning. &gt; Led indicador &gt; Frequ\u00eancia 433,92Mhz &gt; Com clip. Itens inclusos &gt; 01 Controle Remoto 433,92 Mhz;<\/p>\n","protected":false},"featured_media":1987,"comment_status":"open","ping_status":"closed","template":"","meta":[],"product_brand":[],"product_cat":[41],"product_tag":[40],"class_list":{"0":"post-2030","1":"product","2":"type-product","3":"status-publish","4":"has-post-thumbnail","6":"product_cat-acessorios","7":"product_tag-controle","9":"first","10":"instock","11":"shipping-taxable","12":"purchasable","13":"product-type-simple"},"_links":{"self":[{"href":"https:\/\/ciwamar.com.br\/loja\/wp-json\/wp\/v2\/product\/2030","targetHints":{"allow":["GET"]}}],"collection":[{"href":"https:\/\/ciwamar.com.br\/loja\/wp-json\/wp\/v2\/product"}],"about":[{"href":"https:\/\/ciwamar.com.br\/loja\/wp-json\/wp\/v2\/types\/product"}],"replies":[{"embeddable":true,"href":"https:\/\/ciwamar.com.br\/loja\/wp-json\/wp\/v2\/comments?post=2030"}],"wp:featuredmedia":[{"embeddable":true,"href":"https:\/\/ciwamar.com.br\/loja\/wp-json\/wp\/v2\/media\/1987"}],"wp:attachment":[{"href":"https:\/\/ciwamar.com.br\/loja\/wp-json\/wp\/v2\/media?parent=2030"}],"wp:term":[{"taxonomy":"product_brand","embeddable":true,"href":"https:\/\/ciwamar.com.br\/loja\/wp-json\/wp\/v2\/product_brand?post=2030"},{"taxonomy":"product_cat","embeddable":true,"href":"https:\/\/ciwamar.com.br\/loja\/wp-json\/wp\/v2\/product_cat?post=2030"},{"taxonomy":"product_tag","embeddable":true,"href":"https:\/\/ciwamar.com.br\/loja\/wp-json\/wp\/v2\/product_tag?post=2030"}],"curies":[{"name":"wp","href":"https:\/\/api.w.org\/{rel}","templated":true}]}}