{"id":2023,"date":"2020-03-12T16:28:16","date_gmt":"2020-03-12T19:28:16","guid":{"rendered":"https:\/\/ciwamar.com.br\/loja\/?post_type=product&#038;p=2023"},"modified":"2024-11-09T22:03:40","modified_gmt":"2024-11-10T01:03:40","slug":"kit-automatizador-rapido-para-portao-deslizante-conj-movimentador-trino-soft-220v-50-60hz","status":"publish","type":"product","link":"https:\/\/ciwamar.com.br\/loja\/produto\/kit-automatizador-rapido-para-portao-deslizante-conj-movimentador-trino-soft-220v-50-60hz\/","title":{"rendered":"Kit Automatizador RAPIDO para Port\u00e3o Deslizante (Conj. Movimentador Trino Soft 220V 50-60Hz)"},"content":{"rendered":"<p><strong>Automatizador para Port\u00e3o Deslizante Trino Soft<\/strong><br \/>\n&#8211; MOTOR DE 1\/4 HP<br \/>\n&#8211; A Engrenagem \u00e9 feita em metal super resistente de 17 dentes.<br \/>\n&#8211; Coroa Feita em zamac e sem fim feita em liga Metalica, redutor com graxa 00.<br \/>\n&#8211; Acionamento utra r\u00e1pido e velocidade turbo<br \/>\n&#8211; Embreagem controlada Eletronicamente de f\u00e1cil regulagem.<br \/>\n&#8211; Fechamento Temporizado Autom\u00e1tico.<br \/>\n&#8211; Protetor t\u00e9rmico contra queima por aquecimento.<br \/>\n&#8211; Abertura e fechamento de at\u00e9 25 vezes por hora.<br \/>\n&#8211; Velocidade de abertura do port\u00e3o devidamente balanceado de 3<br \/>\nmetros em aproximadamente 6 segundos.<br \/>\n&#8211; Carenagem em Pl\u00e1stico Industrial.<br \/>\n&#8211; Destravamento para manual: por chave tipo de porta.<br \/>\n&#8211; Freio Eletr\u00f4nico: Sim.<br \/>\n&#8211; Redu\u00e7\u00e3o: 1:24<br \/>\n&#8211; Central: CCMD 1,0 (mem\u00f3ria para at\u00e9 1024 bot\u00f5es)<br \/>\n&#8211; Base: Nylon industrial.<br \/>\n\u2013 Espec\u00edfico para port\u00f5es residenciais<br \/>\n\u2013 Possui internamente central de comando dedicada<br \/>\n\u2013 Chave para destravamento manual<\/p>\n<p>Marca AGL<\/p>\n<p><strong>Caracter\u00edsticas T\u00e9cnicas<\/strong><br \/>\n&gt; Motor Weg<br \/>\n&gt; Voltagem: 220V<br \/>\n&gt; Port\u00f5es Deslizante;<br \/>\n&gt; Frequ\u00eancia 433,92 Mhz;<br \/>\n&gt; Central de comandos embarcada e dedicada;<br \/>\n&gt; Ventoinha;<br \/>\n&gt; Cadastra at\u00e9 1024 controles;<\/p>\n<p><strong>Itens inclusos<\/strong><br \/>\n&gt; 01 Automatizador para Port\u00e3o Deslizante Trino Soft 220V;<br \/>\n&gt; 01 Carenagem com prote\u00e7\u00e3o;<br \/>\n&gt; 01 Central de Comando com receptor 433,92 Mhz;<br \/>\n&gt; 02 Controle Remoto 433,92 Mhz;<br \/>\n&gt; 02 Barras de Cremalheira de 1,5 metros ( Total de 03 metros);<br \/>\n&gt; 01 Kit fim de curso;<br \/>\n&gt; 01 Manual de instala\u00e7\u00e3o.<\/p>\n<p>Produto certificado pelo\u00a0<em>INMETRO\u00a0<\/em><\/p>\n","protected":false},"excerpt":{"rendered":"<p>Automatizador para Port\u00e3o Deslizante Trino Soft &#8211; MOTOR DE 1\/4 HP &#8211; A Engrenagem \u00e9 feita em metal super resistente de 17 dentes. &#8211; Coroa Feita em zamac e sem fim feita em liga Metalica, redutor com graxa 00. &#8211; Acionamento utra r\u00e1pido e velocidade turbo &#8211; Embreagem controlada Eletronicamente de f\u00e1cil regulagem. &#8211; Fechamento [&hellip;]<\/p>\n","protected":false},"featured_media":1990,"comment_status":"open","ping_status":"closed","template":"","meta":[],"product_brand":[],"product_cat":[19],"product_tag":[],"class_list":{"0":"post-2023","1":"product","2":"type-product","3":"status-publish","4":"has-post-thumbnail","6":"product_cat-automatizador-deslizante-residencial","8":"first","9":"outofstock","10":"shipping-taxable","11":"product-type-simple"},"_links":{"self":[{"href":"https:\/\/ciwamar.com.br\/loja\/wp-json\/wp\/v2\/product\/2023","targetHints":{"allow":["GET"]}}],"collection":[{"href":"https:\/\/ciwamar.com.br\/loja\/wp-json\/wp\/v2\/product"}],"about":[{"href":"https:\/\/ciwamar.com.br\/loja\/wp-json\/wp\/v2\/types\/product"}],"replies":[{"embeddable":true,"href":"https:\/\/ciwamar.com.br\/loja\/wp-json\/wp\/v2\/comments?post=2023"}],"wp:featuredmedia":[{"embeddable":true,"href":"https:\/\/ciwamar.com.br\/loja\/wp-json\/wp\/v2\/media\/1990"}],"wp:attachment":[{"href":"https:\/\/ciwamar.com.br\/loja\/wp-json\/wp\/v2\/media?parent=2023"}],"wp:term":[{"taxonomy":"product_brand","embeddable":true,"href":"https:\/\/ciwamar.com.br\/loja\/wp-json\/wp\/v2\/product_brand?post=2023"},{"taxonomy":"product_cat","embeddable":true,"href":"https:\/\/ciwamar.com.br\/loja\/wp-json\/wp\/v2\/product_cat?post=2023"},{"taxonomy":"product_tag","embeddable":true,"href":"https:\/\/ciwamar.com.br\/loja\/wp-json\/wp\/v2\/product_tag?post=2023"}],"curies":[{"name":"wp","href":"https:\/\/api.w.org\/{rel}","templated":true}]}}