{"id":1762,"date":"2019-01-27T04:07:59","date_gmt":"2019-01-27T07:07:59","guid":{"rendered":"https:\/\/ciwamar.com.br\/loja\/?post_type=product&#038;p=1762"},"modified":"2025-03-06T21:40:55","modified_gmt":"2025-03-07T00:40:55","slug":"kit-automatizador-para-portao-deslizante-slider-pl-slim-220v","status":"publish","type":"product","link":"https:\/\/ciwamar.com.br\/loja\/produto\/kit-automatizador-para-portao-deslizante-slider-pl-slim-220v\/","title":{"rendered":"Kit Automatizador para Port\u00e3o Deslizante SLD-PL Clean (220V)"},"content":{"rendered":"<p><strong>Automatizador para Port\u00e3o Deslizante SLD-PL Clean para port\u00f5es de at\u00e9 300 kg.<\/strong><\/p>\n<p>As linhas de automatizadores para port\u00f5es da RCG s\u00e3o projetados com o mais alto padr\u00e3o de qualidade, que possibilitam a voc\u00ea e sua fam\u00edlia o conforto e a seguran\u00e7a de ter sempre o port\u00e3o eletr\u00f4nico de sua resid\u00eancia fechado.<\/p>\n<p>Possui um inovador sistema de embreagem eletr\u00f4nica, minimizando os riscos com acidentes e evitando esfor\u00e7os ou trancos desnecess\u00e1rios no motor, Recomendado para aplica\u00e7\u00f5es mais robustas e com maior frequ\u00eancia de acionamentos, central de comando incorporada \u00e0 m\u00e1quina, protegida por uma carenagem dedicada, garante mais agilidade na instala\u00e7\u00e3o e tranquilidade para o usu\u00e1rio, dispensa os inc\u00f4modos com fura\u00e7\u00f5es e liga\u00e7\u00f5es entre o automatizador e a central eletr\u00f4nica.<\/p>\n<div>\u2013 Espec\u00edfico para port\u00f5es residenciais<\/div>\n<div>\u2013 Novo Design para melhor integra\u00e7\u00e3o \u00e0 arquitetura<\/div>\n<div>\u2013 Base de chassi em resina pl\u00e1stica PA 6 (NYLON) tornando a m\u00e1quina mais leve e acess\u00edvel<\/div>\n<div>\u2013 Possui internamente central de comando dedicada<\/div>\n<div>\u2013 Ventoinha interna para ventila\u00e7\u00e3o do motor<\/div>\n<div>\u2013 Chave para destravamento manual<\/div>\n<div>\u2013 Engrenagem em Nylon de alta resist\u00eancia e baixo n\u00edvel de ru\u00eddo<\/div>\n<div>\u2013 F\u00e1cil acesso ao conjunto de redu\u00e7\u00e3o, facilitando eventual manuten\u00e7\u00e3o<\/div>\n<p><strong>Caracter\u00edsticas T\u00e9cnicas<\/strong><br \/>\n&gt; Voltagem: 220V<br \/>\n&gt; Port\u00f5es at\u00e9 300 kg;<br \/>\n&gt; RPM: 1750;<br \/>\n&gt; Frequ\u00eancia 433,92 Mhz;<br \/>\n&gt; Fio de 180 graus;<br \/>\n&gt; Entrada de fotoc\u00e9lula e botoeira;<br \/>\n&gt; Base de chassi em resina pl\u00e1stica PA 6 (NYLON);<br \/>\n&gt; Sa\u00edda de luz de garagem e trava eletromagn\u00e9tica;<br \/>\n&gt; Central de comandos embarcada e dedicada;<br \/>\n&gt; Ventoinha;<br \/>\n&gt; Cadastra at\u00e9 170 controles;<br \/>\n&gt; Carenagem com prote\u00e7\u00e3o UV.<\/p>\n<p><strong>Itens inclusos<\/strong><br \/>\n&gt; 01 Automatizador para Port\u00e3o Deslizante SLD-PL Clean;<br \/>\n&gt; 01 Carenagem com prote\u00e7\u00e3o UV;<br \/>\n&gt; 01 Central de Comando com receptor 433,92 Mhz;<br \/>\n&gt; 02 Controle Remoto 433,92 Mhz;<br \/>\n&gt; 02 Barras de Cremalheira de 1,5 metros ( Total de 03 metros);<br \/>\n&gt; 01 Kit fim de curso;<br \/>\n&gt; 01 Manual de instala\u00e7\u00e3o.<\/p>\n<p>Todos os automatizadores da RCG possuem\u00a0 Garantia Contra Defeitos de Fabrica\u00e7\u00e3o Fornecida pelo Fabricante e Acompanham Nota Fiscal em nome do comprador<\/p>\n<p>&nbsp;<\/p>\n","protected":false},"excerpt":{"rendered":"<p>Automatizador para Port\u00e3o Deslizante SLD-PL Clean para port\u00f5es de at\u00e9 300 kg. As linhas de automatizadores para port\u00f5es da RCG s\u00e3o projetados com o mais alto padr\u00e3o de qualidade, que possibilitam a voc\u00ea e sua fam\u00edlia o conforto e a seguran\u00e7a de ter sempre o port\u00e3o eletr\u00f4nico de sua resid\u00eancia fechado. Possui um inovador sistema [&hellip;]<\/p>\n","protected":false},"featured_media":1720,"comment_status":"closed","ping_status":"closed","template":"","meta":[],"product_brand":[],"product_cat":[19,54],"product_tag":[],"class_list":{"0":"post-1762","1":"product","2":"type-product","3":"status-publish","4":"has-post-thumbnail","6":"product_cat-automatizador-deslizante-residencial","7":"product_cat-promocao","9":"first","10":"outofstock","11":"shipping-taxable","12":"product-type-simple"},"_links":{"self":[{"href":"https:\/\/ciwamar.com.br\/loja\/wp-json\/wp\/v2\/product\/1762","targetHints":{"allow":["GET"]}}],"collection":[{"href":"https:\/\/ciwamar.com.br\/loja\/wp-json\/wp\/v2\/product"}],"about":[{"href":"https:\/\/ciwamar.com.br\/loja\/wp-json\/wp\/v2\/types\/product"}],"replies":[{"embeddable":true,"href":"https:\/\/ciwamar.com.br\/loja\/wp-json\/wp\/v2\/comments?post=1762"}],"wp:featuredmedia":[{"embeddable":true,"href":"https:\/\/ciwamar.com.br\/loja\/wp-json\/wp\/v2\/media\/1720"}],"wp:attachment":[{"href":"https:\/\/ciwamar.com.br\/loja\/wp-json\/wp\/v2\/media?parent=1762"}],"wp:term":[{"taxonomy":"product_brand","embeddable":true,"href":"https:\/\/ciwamar.com.br\/loja\/wp-json\/wp\/v2\/product_brand?post=1762"},{"taxonomy":"product_cat","embeddable":true,"href":"https:\/\/ciwamar.com.br\/loja\/wp-json\/wp\/v2\/product_cat?post=1762"},{"taxonomy":"product_tag","embeddable":true,"href":"https:\/\/ciwamar.com.br\/loja\/wp-json\/wp\/v2\/product_tag?post=1762"}],"curies":[{"name":"wp","href":"https:\/\/api.w.org\/{rel}","templated":true}]}}