{"id":1758,"date":"2019-01-14T16:29:03","date_gmt":"2019-01-14T19:29:03","guid":{"rendered":"https:\/\/ciwamar.com.br\/loja\/?post_type=product&#038;p=1758"},"modified":"2025-05-06T21:43:53","modified_gmt":"2025-05-07T00:43:53","slug":"pacote-estator-30-x-106-mm-220v","status":"publish","type":"product","link":"https:\/\/ciwamar.com.br\/loja\/produto\/pacote-estator-30-x-106-mm-220v\/","title":{"rendered":"Pacote Estator\u00a030 x 106 MM 220V"},"content":{"rendered":"<p><strong>Pacote Estator\u00a030 x 106 MM 220V RCG para Automatizadores de Port\u00f5es Deslizante e Basculantes de 1\/3 HP<\/strong><\/p>\n<p><strong>Caracter\u00edsticas T\u00e9cnicas<\/strong><br \/>\n&gt; Tens\u00e3o 220V.<br \/>\n&gt; Frequ\u00eancia 60Hz.<br \/>\n&gt; Medidas 30mm x 106mm<br \/>\n&gt; Potencia 1\/3HP<\/p>\n<p><strong>Itens inclusos<\/strong><br \/>\n&gt; 01 Pacote Estator 30 x 1 06 MM 220V<\/p>\n<div><em>Todos os produtos desenvolvidos pela RCG s\u00e3o submetidos a rigorosos testes de performance e qualidade, possui selo do INMETRO para os reatores, estabilizadores, automatizadores e eletrificadores de cerca, a empresa tamb\u00e9m est\u00e1 certificada pelo Sistema de Gest\u00e3o da Qualidade ISO 9001:2008*<\/em><\/div>\n<p>&nbsp;<\/p>\n","protected":false},"excerpt":{"rendered":"<p>Pacote Estator\u00a030 x 106 MM 220V RCG para Automatizadores de Port\u00f5es Deslizante e Basculantes de 1\/3 HP Caracter\u00edsticas T\u00e9cnicas &gt; Tens\u00e3o 220V. &gt; Frequ\u00eancia 60Hz. &gt; Medidas 30mm x 106mm &gt; Potencia 1\/3HP Itens inclusos &gt; 01 Pacote Estator 30 x 1 06 MM 220V Todos os produtos desenvolvidos pela RCG s\u00e3o submetidos a rigorosos [&hellip;]<\/p>\n","protected":false},"featured_media":1757,"comment_status":"open","ping_status":"closed","template":"","meta":[],"product_brand":[],"product_cat":[42],"product_tag":[],"class_list":{"0":"post-1758","1":"product","2":"type-product","3":"status-publish","4":"has-post-thumbnail","6":"product_cat-pecas","8":"first","9":"outofstock","10":"shipping-taxable","11":"purchasable","12":"product-type-simple"},"_links":{"self":[{"href":"https:\/\/ciwamar.com.br\/loja\/wp-json\/wp\/v2\/product\/1758","targetHints":{"allow":["GET"]}}],"collection":[{"href":"https:\/\/ciwamar.com.br\/loja\/wp-json\/wp\/v2\/product"}],"about":[{"href":"https:\/\/ciwamar.com.br\/loja\/wp-json\/wp\/v2\/types\/product"}],"replies":[{"embeddable":true,"href":"https:\/\/ciwamar.com.br\/loja\/wp-json\/wp\/v2\/comments?post=1758"}],"wp:featuredmedia":[{"embeddable":true,"href":"https:\/\/ciwamar.com.br\/loja\/wp-json\/wp\/v2\/media\/1757"}],"wp:attachment":[{"href":"https:\/\/ciwamar.com.br\/loja\/wp-json\/wp\/v2\/media?parent=1758"}],"wp:term":[{"taxonomy":"product_brand","embeddable":true,"href":"https:\/\/ciwamar.com.br\/loja\/wp-json\/wp\/v2\/product_brand?post=1758"},{"taxonomy":"product_cat","embeddable":true,"href":"https:\/\/ciwamar.com.br\/loja\/wp-json\/wp\/v2\/product_cat?post=1758"},{"taxonomy":"product_tag","embeddable":true,"href":"https:\/\/ciwamar.com.br\/loja\/wp-json\/wp\/v2\/product_tag?post=1758"}],"curies":[{"name":"wp","href":"https:\/\/api.w.org\/{rel}","templated":true}]}}