{"id":1755,"date":"2019-01-14T16:16:55","date_gmt":"2019-01-14T19:16:55","guid":{"rendered":"https:\/\/ciwamar.com.br\/loja\/?post_type=product&#038;p=1755"},"modified":"2022-10-16T03:09:35","modified_gmt":"2022-10-16T06:09:35","slug":"pacote-estator-25-x-106-mm-220v","status":"publish","type":"product","link":"https:\/\/ciwamar.com.br\/loja\/produto\/pacote-estator-25-x-106-mm-220v\/","title":{"rendered":"Pacote Estator\u00a025 x 106 MM 220V"},"content":{"rendered":"<p><strong>Pacote Estator\u00a025 x 106 MM 220V RCG para Automatizadores de Port\u00f5es Deslizante e Basculantes de 1\/4 HP<\/strong><\/p>\n<p><strong>Caracter\u00edsticas T\u00e9cnicas<\/strong><br \/>\n&gt; Tens\u00e3o 220V.<br \/>\n&gt; Frequ\u00eancia 60Hz.<br \/>\n&gt; Medidas 25mm x 106mm<br \/>\n&gt; Potencia 1\/4HP<\/p>\n<p><strong>Itens inclusos<\/strong><br \/>\n&gt; 01 Pacote Estator 25 x1 06 MM 220V<\/p>\n<div><em>Todos os produtos desenvolvidos pela RCG s\u00e3o submetidos a rigorosos testes de performance e qualidade, possui selo do INMETRO para os reatores, estabilizadores, automatizadores e eletrificadores de cerca, a empresa tamb\u00e9m est\u00e1 certificada pelo Sistema de Gest\u00e3o da Qualidade ISO 9001:2008*<\/em><\/div>\n<p>&nbsp;<\/p>\n","protected":false},"excerpt":{"rendered":"<p>Pacote Estator\u00a025 x 106 MM 220V RCG para Automatizadores de Port\u00f5es Deslizante e Basculantes de 1\/4 HP Caracter\u00edsticas T\u00e9cnicas &gt; Tens\u00e3o 220V. &gt; Frequ\u00eancia 60Hz. &gt; Medidas 25mm x 106mm &gt; Potencia 1\/4HP Itens inclusos &gt; 01 Pacote Estator 25 x1 06 MM 220V Todos os produtos desenvolvidos pela RCG s\u00e3o submetidos a rigorosos testes [&hellip;]<\/p>\n","protected":false},"featured_media":1756,"comment_status":"open","ping_status":"closed","template":"","meta":[],"product_brand":[],"product_cat":[42],"product_tag":[],"class_list":{"0":"post-1755","1":"product","2":"type-product","3":"status-publish","4":"has-post-thumbnail","6":"product_cat-pecas","8":"first","9":"outofstock","10":"shipping-taxable","11":"purchasable","12":"product-type-simple"},"_links":{"self":[{"href":"https:\/\/ciwamar.com.br\/loja\/wp-json\/wp\/v2\/product\/1755","targetHints":{"allow":["GET"]}}],"collection":[{"href":"https:\/\/ciwamar.com.br\/loja\/wp-json\/wp\/v2\/product"}],"about":[{"href":"https:\/\/ciwamar.com.br\/loja\/wp-json\/wp\/v2\/types\/product"}],"replies":[{"embeddable":true,"href":"https:\/\/ciwamar.com.br\/loja\/wp-json\/wp\/v2\/comments?post=1755"}],"wp:featuredmedia":[{"embeddable":true,"href":"https:\/\/ciwamar.com.br\/loja\/wp-json\/wp\/v2\/media\/1756"}],"wp:attachment":[{"href":"https:\/\/ciwamar.com.br\/loja\/wp-json\/wp\/v2\/media?parent=1755"}],"wp:term":[{"taxonomy":"product_brand","embeddable":true,"href":"https:\/\/ciwamar.com.br\/loja\/wp-json\/wp\/v2\/product_brand?post=1755"},{"taxonomy":"product_cat","embeddable":true,"href":"https:\/\/ciwamar.com.br\/loja\/wp-json\/wp\/v2\/product_cat?post=1755"},{"taxonomy":"product_tag","embeddable":true,"href":"https:\/\/ciwamar.com.br\/loja\/wp-json\/wp\/v2\/product_tag?post=1755"}],"curies":[{"name":"wp","href":"https:\/\/api.w.org\/{rel}","templated":true}]}}