{"id":1690,"date":"2018-11-03T00:52:53","date_gmt":"2018-11-03T03:52:53","guid":{"rendered":"https:\/\/ciwamar.com.br\/loja\/?post_type=product&#038;p=1690"},"modified":"2022-05-29T21:43:26","modified_gmt":"2022-05-30T00:43:26","slug":"ventoinha-deslizante-e-basculante","status":"publish","type":"product","link":"https:\/\/ciwamar.com.br\/loja\/produto\/ventoinha-deslizante-e-basculante\/","title":{"rendered":"Ventoinha Deslizante e Basculante"},"content":{"rendered":"<p><strong>Itens inclusos<\/strong><br \/>\n&gt; 01 Ventoinha<\/p>\n<div><em>Todos os produtos desenvolvidos pela RCG s\u00e3o submetidos a rigorosos testes de performance e qualidade, possui selo do INMETRO para os reatores, estabilizadores, automatizadores e eletrificadores de cerca, a empresa tamb\u00e9m est\u00e1 certificada pelo Sistema de Gest\u00e3o da Qualidade ISO 9001:2008*<\/em><\/div>\n<p>&nbsp;<\/p>\n","protected":false},"excerpt":{"rendered":"<p>Itens inclusos &gt; 01 Ventoinha Todos os produtos desenvolvidos pela RCG s\u00e3o submetidos a rigorosos testes de performance e qualidade, possui selo do INMETRO para os reatores, estabilizadores, automatizadores e eletrificadores de cerca, a empresa tamb\u00e9m est\u00e1 certificada pelo Sistema de Gest\u00e3o da Qualidade ISO 9001:2008* &nbsp;<\/p>\n","protected":false},"featured_media":1598,"comment_status":"open","ping_status":"closed","template":"","meta":[],"product_brand":[],"product_cat":[42],"product_tag":[],"class_list":{"0":"post-1690","1":"product","2":"type-product","3":"status-publish","4":"has-post-thumbnail","6":"product_cat-pecas","8":"first","9":"instock","10":"shipping-taxable","11":"purchasable","12":"product-type-simple"},"_links":{"self":[{"href":"https:\/\/ciwamar.com.br\/loja\/wp-json\/wp\/v2\/product\/1690","targetHints":{"allow":["GET"]}}],"collection":[{"href":"https:\/\/ciwamar.com.br\/loja\/wp-json\/wp\/v2\/product"}],"about":[{"href":"https:\/\/ciwamar.com.br\/loja\/wp-json\/wp\/v2\/types\/product"}],"replies":[{"embeddable":true,"href":"https:\/\/ciwamar.com.br\/loja\/wp-json\/wp\/v2\/comments?post=1690"}],"wp:featuredmedia":[{"embeddable":true,"href":"https:\/\/ciwamar.com.br\/loja\/wp-json\/wp\/v2\/media\/1598"}],"wp:attachment":[{"href":"https:\/\/ciwamar.com.br\/loja\/wp-json\/wp\/v2\/media?parent=1690"}],"wp:term":[{"taxonomy":"product_brand","embeddable":true,"href":"https:\/\/ciwamar.com.br\/loja\/wp-json\/wp\/v2\/product_brand?post=1690"},{"taxonomy":"product_cat","embeddable":true,"href":"https:\/\/ciwamar.com.br\/loja\/wp-json\/wp\/v2\/product_cat?post=1690"},{"taxonomy":"product_tag","embeddable":true,"href":"https:\/\/ciwamar.com.br\/loja\/wp-json\/wp\/v2\/product_tag?post=1690"}],"curies":[{"name":"wp","href":"https:\/\/api.w.org\/{rel}","templated":true}]}}