{"id":1661,"date":"2018-10-30T03:45:02","date_gmt":"2018-10-30T06:45:02","guid":{"rendered":"https:\/\/ciwamar.com.br\/loja\/?post_type=product&#038;p=1661"},"modified":"2020-12-30T18:03:11","modified_gmt":"2020-12-30T21:03:11","slug":"porca-do-fuso-bv-p60-destravamento-articulado-com-imas","status":"publish","type":"product","link":"https:\/\/ciwamar.com.br\/loja\/produto\/porca-do-fuso-bv-p60-destravamento-articulado-com-imas\/","title":{"rendered":"Porca do Fuso BV P=60 Destravamento Articulado com Im\u00e3s"},"content":{"rendered":"<p><strong>Porca Acionadora do Fuso Basculante Passo 60 com Im\u00e3<\/strong><\/p>\n<p><strong>Caracter\u00edsticas T\u00e9cnicas<\/strong><br \/>\n&gt; Porca Rosca Passo 60.<br \/>\n&gt; Di\u00e2metro do Fuso de \u00d8 5\/8<br \/>\n&gt; Material Nylon e A\u00e7o.<br \/>\n&gt; Bloco de ferrite 22 X 11 X 13 mm (Im\u00e3)<\/p>\n<p><strong>Itens inclusos<\/strong><br \/>\n&gt; 01 Porca do Fuso BV P=60 Destravamento Articulado<br \/>\n&gt; 02 Bloco de ferrite 22 X 11 X 13 mm (Im\u00e3)<\/p>\n<div><em>Todos os produtos desenvolvidos pela RCG s\u00e3o submetidos a rigorosos testes de performance e qualidade, possui selo do INMETRO para os reatores, estabilizadores, automatizadores e eletrificadores de cerca, a empresa tamb\u00e9m est\u00e1 certificada pelo Sistema de Gest\u00e3o da Qualidade ISO 9001:2008*<\/em><\/div>\n<p>&nbsp;<\/p>\n","protected":false},"excerpt":{"rendered":"<p>Porca Acionadora do Fuso Basculante Passo 60 com Im\u00e3 Caracter\u00edsticas T\u00e9cnicas &gt; Porca Rosca Passo 60. &gt; Di\u00e2metro do Fuso de \u00d8 5\/8 &gt; Material Nylon e A\u00e7o. &gt; Bloco de ferrite 22 X 11 X 13 mm (Im\u00e3) Itens inclusos &gt; 01 Porca do Fuso BV P=60 Destravamento Articulado &gt; 02 Bloco de ferrite [&hellip;]<\/p>\n","protected":false},"featured_media":1582,"comment_status":"open","ping_status":"closed","template":"","meta":[],"product_brand":[],"product_cat":[42],"product_tag":[],"class_list":{"0":"post-1661","1":"product","2":"type-product","3":"status-publish","4":"has-post-thumbnail","6":"product_cat-pecas","8":"first","9":"instock","10":"shipping-taxable","11":"purchasable","12":"product-type-simple"},"_links":{"self":[{"href":"https:\/\/ciwamar.com.br\/loja\/wp-json\/wp\/v2\/product\/1661","targetHints":{"allow":["GET"]}}],"collection":[{"href":"https:\/\/ciwamar.com.br\/loja\/wp-json\/wp\/v2\/product"}],"about":[{"href":"https:\/\/ciwamar.com.br\/loja\/wp-json\/wp\/v2\/types\/product"}],"replies":[{"embeddable":true,"href":"https:\/\/ciwamar.com.br\/loja\/wp-json\/wp\/v2\/comments?post=1661"}],"wp:featuredmedia":[{"embeddable":true,"href":"https:\/\/ciwamar.com.br\/loja\/wp-json\/wp\/v2\/media\/1582"}],"wp:attachment":[{"href":"https:\/\/ciwamar.com.br\/loja\/wp-json\/wp\/v2\/media?parent=1661"}],"wp:term":[{"taxonomy":"product_brand","embeddable":true,"href":"https:\/\/ciwamar.com.br\/loja\/wp-json\/wp\/v2\/product_brand?post=1661"},{"taxonomy":"product_cat","embeddable":true,"href":"https:\/\/ciwamar.com.br\/loja\/wp-json\/wp\/v2\/product_cat?post=1661"},{"taxonomy":"product_tag","embeddable":true,"href":"https:\/\/ciwamar.com.br\/loja\/wp-json\/wp\/v2\/product_tag?post=1661"}],"curies":[{"name":"wp","href":"https:\/\/api.w.org\/{rel}","templated":true}]}}