{"id":1654,"date":"2018-10-30T01:29:48","date_gmt":"2018-10-30T04:29:48","guid":{"rendered":"https:\/\/ciwamar.com.br\/loja\/?post_type=product&#038;p=1654"},"modified":"2025-12-02T05:13:17","modified_gmt":"2025-12-02T08:13:17","slug":"engrenagem-externa-z12-slider-high","status":"publish","type":"product","link":"https:\/\/ciwamar.com.br\/loja\/produto\/engrenagem-externa-z12-slider-high\/","title":{"rendered":"Engrenagem Externa Z12  Slider High"},"content":{"rendered":"<p><strong>Engrenagem\u00a0 Z12 para Automatizadores de Port\u00f5es Deslizante Slider High Industrial<\/strong><\/p>\n<p><strong>Caracter\u00edsticas T\u00e9cnicas<\/strong><br \/>\n&gt; Engrenagem 12 dentes.<br \/>\n&gt; Material Alum\u00ednio.<br \/>\n&gt; Di\u00e2metro 80mm.<\/p>\n<p><strong>Itens inclusos<\/strong><br \/>\n&gt; Engrenagem Externa Z12 Slider High<\/p>\n<div><em>Todos os produtos desenvolvidos pela RCG s\u00e3o submetidos a rigorosos testes de performance e qualidade, possui selo do INMETRO para os reatores, estabilizadores, automatizadores e eletrificadores de cerca, a empresa tamb\u00e9m est\u00e1 certificada pelo Sistema de Gest\u00e3o da Qualidade ISO 9001:2008*<\/em><\/div>\n<p>&nbsp;<\/p>\n","protected":false},"excerpt":{"rendered":"<p>Engrenagem\u00a0 Z12 para Automatizadores de Port\u00f5es Deslizante Slider High Industrial Caracter\u00edsticas T\u00e9cnicas &gt; Engrenagem 12 dentes. &gt; Material Alum\u00ednio. &gt; Di\u00e2metro 80mm. Itens inclusos &gt; Engrenagem Externa Z12 Slider High Todos os produtos desenvolvidos pela RCG s\u00e3o submetidos a rigorosos testes de performance e qualidade, possui selo do INMETRO para os reatores, estabilizadores, automatizadores e [&hellip;]<\/p>\n","protected":false},"featured_media":1655,"comment_status":"open","ping_status":"closed","template":"","meta":[],"product_brand":[],"product_cat":[42],"product_tag":[],"class_list":{"0":"post-1654","1":"product","2":"type-product","3":"status-publish","4":"has-post-thumbnail","6":"product_cat-pecas","8":"first","9":"instock","10":"shipping-taxable","11":"purchasable","12":"product-type-simple"},"_links":{"self":[{"href":"https:\/\/ciwamar.com.br\/loja\/wp-json\/wp\/v2\/product\/1654","targetHints":{"allow":["GET"]}}],"collection":[{"href":"https:\/\/ciwamar.com.br\/loja\/wp-json\/wp\/v2\/product"}],"about":[{"href":"https:\/\/ciwamar.com.br\/loja\/wp-json\/wp\/v2\/types\/product"}],"replies":[{"embeddable":true,"href":"https:\/\/ciwamar.com.br\/loja\/wp-json\/wp\/v2\/comments?post=1654"}],"wp:featuredmedia":[{"embeddable":true,"href":"https:\/\/ciwamar.com.br\/loja\/wp-json\/wp\/v2\/media\/1655"}],"wp:attachment":[{"href":"https:\/\/ciwamar.com.br\/loja\/wp-json\/wp\/v2\/media?parent=1654"}],"wp:term":[{"taxonomy":"product_brand","embeddable":true,"href":"https:\/\/ciwamar.com.br\/loja\/wp-json\/wp\/v2\/product_brand?post=1654"},{"taxonomy":"product_cat","embeddable":true,"href":"https:\/\/ciwamar.com.br\/loja\/wp-json\/wp\/v2\/product_cat?post=1654"},{"taxonomy":"product_tag","embeddable":true,"href":"https:\/\/ciwamar.com.br\/loja\/wp-json\/wp\/v2\/product_tag?post=1654"}],"curies":[{"name":"wp","href":"https:\/\/api.w.org\/{rel}","templated":true}]}}