{"id":1646,"date":"2018-10-26T01:06:09","date_gmt":"2018-10-26T04:06:09","guid":{"rendered":"https:\/\/ciwamar.com.br\/loja\/?post_type=product&#038;p=1646"},"modified":"2024-11-09T21:46:39","modified_gmt":"2024-11-10T00:46:39","slug":"modulo-trava-eletromagnetica-sinaleira","status":"publish","type":"product","link":"https:\/\/ciwamar.com.br\/loja\/produto\/modulo-trava-eletromagnetica-sinaleira\/","title":{"rendered":"M\u00f3dulo Trava Eletromagn\u00e9tica-Sinaleira"},"content":{"rendered":"<p><strong>Caracter\u00edsticas T\u00e9cnicas<\/strong><br \/>\n&gt; M\u00f3dulo para Trava Eletromagn\u00e9tica ou Sinaleira.<br \/>\n&gt; Com jumper: M\u00f3dulo Trava.<br \/>\n&gt; Sem Jumper: M\u00f3dulo Sinaleira<br \/>\n&gt; Alimenta\u00e7\u00e3o: 12Vcc<br \/>\n&gt; Sinal: 5Vcc<br \/>\n&gt; Rel\u00e9 interno: 10A 250V<\/p>\n<p><strong>Itens inclusos<\/strong><br \/>\n&gt; 01 M\u00f3dulo Trava Eletromagn\u00e9tica-Sinaleira;<\/p>\n<div><em>Todos os produtos desenvolvidos pela RCG s\u00e3o submetidos a rigorosos testes de performance e qualidade, possui selo do INMETRO para os reatores, estabilizadores, automatizadores e eletrificadores de cerca, a empresa tamb\u00e9m est\u00e1 certificada pelo Sistema de Gest\u00e3o da Qualidade ISO 9001:2008*<\/em><\/div>\n","protected":false},"excerpt":{"rendered":"<p>Caracter\u00edsticas T\u00e9cnicas &gt; M\u00f3dulo para Trava Eletromagn\u00e9tica ou Sinaleira. &gt; Com jumper: M\u00f3dulo Trava. &gt; Sem Jumper: M\u00f3dulo Sinaleira &gt; Alimenta\u00e7\u00e3o: 12Vcc &gt; Sinal: 5Vcc &gt; Rel\u00e9 interno: 10A 250V Itens inclusos &gt; 01 M\u00f3dulo Trava Eletromagn\u00e9tica-Sinaleira; Todos os produtos desenvolvidos pela RCG s\u00e3o submetidos a rigorosos testes de performance e qualidade, possui selo do [&hellip;]<\/p>\n","protected":false},"featured_media":122,"comment_status":"open","ping_status":"closed","template":"","meta":[],"product_brand":[],"product_cat":[41],"product_tag":[],"class_list":{"0":"post-1646","1":"product","2":"type-product","3":"status-publish","4":"has-post-thumbnail","6":"product_cat-acessorios","8":"first","9":"instock","10":"shipping-taxable","11":"purchasable","12":"product-type-simple"},"_links":{"self":[{"href":"https:\/\/ciwamar.com.br\/loja\/wp-json\/wp\/v2\/product\/1646","targetHints":{"allow":["GET"]}}],"collection":[{"href":"https:\/\/ciwamar.com.br\/loja\/wp-json\/wp\/v2\/product"}],"about":[{"href":"https:\/\/ciwamar.com.br\/loja\/wp-json\/wp\/v2\/types\/product"}],"replies":[{"embeddable":true,"href":"https:\/\/ciwamar.com.br\/loja\/wp-json\/wp\/v2\/comments?post=1646"}],"wp:featuredmedia":[{"embeddable":true,"href":"https:\/\/ciwamar.com.br\/loja\/wp-json\/wp\/v2\/media\/122"}],"wp:attachment":[{"href":"https:\/\/ciwamar.com.br\/loja\/wp-json\/wp\/v2\/media?parent=1646"}],"wp:term":[{"taxonomy":"product_brand","embeddable":true,"href":"https:\/\/ciwamar.com.br\/loja\/wp-json\/wp\/v2\/product_brand?post=1646"},{"taxonomy":"product_cat","embeddable":true,"href":"https:\/\/ciwamar.com.br\/loja\/wp-json\/wp\/v2\/product_cat?post=1646"},{"taxonomy":"product_tag","embeddable":true,"href":"https:\/\/ciwamar.com.br\/loja\/wp-json\/wp\/v2\/product_tag?post=1646"}],"curies":[{"name":"wp","href":"https:\/\/api.w.org\/{rel}","templated":true}]}}