{"id":1643,"date":"2018-10-25T19:02:44","date_gmt":"2018-10-25T22:02:44","guid":{"rendered":"https:\/\/ciwamar.com.br\/loja\/?post_type=product&#038;p=1643"},"modified":"2022-10-16T03:03:49","modified_gmt":"2022-10-16T06:03:49","slug":"barra-de-cremalheira-industrial-164m","status":"publish","type":"product","link":"https:\/\/ciwamar.com.br\/loja\/produto\/barra-de-cremalheira-industrial-164m\/","title":{"rendered":"Barra de Cremalheira Industrial 1,64M"},"content":{"rendered":"<p><strong>Caracter\u00edsticas T\u00e9cnicas<\/strong><br \/>\n&gt; Barra de 1,64 metros.<br \/>\n&gt; Cantoneira em chapa de a\u00e7o galvanizada.<br \/>\n&gt; Modulo dentado em\u00a0 nylon preto de alta resist\u00eancia.<br \/>\n&gt; Para uso com automatizador deslizante industrial e semi-industrial<\/p>\n<p><strong>Itens inclusos<\/strong><br \/>\n&gt; 01 Barra de Cremalheira Industrial 1,64M;<\/p>\n<div><em>Todos os produtos desenvolvidos pela RCG s\u00e3o submetidos a rigorosos testes de performance e qualidade, possui selo do INMETRO para os reatores, estabilizadores, automatizadores e eletrificadores de cerca, a empresa tamb\u00e9m est\u00e1 certificada pelo Sistema de Gest\u00e3o da Qualidade ISO 9001:2008*<\/em><\/div>\n","protected":false},"excerpt":{"rendered":"<p>Caracter\u00edsticas T\u00e9cnicas &gt; Barra de 1,64 metros. &gt; Cantoneira em chapa de a\u00e7o galvanizada. &gt; Modulo dentado em\u00a0 nylon preto de alta resist\u00eancia. &gt; Para uso com automatizador deslizante industrial e semi-industrial Itens inclusos &gt; 01 Barra de Cremalheira Industrial 1,64M; Todos os produtos desenvolvidos pela RCG s\u00e3o submetidos a rigorosos testes de performance e [&hellip;]<\/p>\n","protected":false},"featured_media":125,"comment_status":"open","ping_status":"closed","template":"","meta":[],"product_brand":[],"product_cat":[41],"product_tag":[],"class_list":{"0":"post-1643","1":"product","2":"type-product","3":"status-publish","4":"has-post-thumbnail","6":"product_cat-acessorios","8":"first","9":"outofstock","10":"shipping-taxable","11":"product-type-simple"},"_links":{"self":[{"href":"https:\/\/ciwamar.com.br\/loja\/wp-json\/wp\/v2\/product\/1643","targetHints":{"allow":["GET"]}}],"collection":[{"href":"https:\/\/ciwamar.com.br\/loja\/wp-json\/wp\/v2\/product"}],"about":[{"href":"https:\/\/ciwamar.com.br\/loja\/wp-json\/wp\/v2\/types\/product"}],"replies":[{"embeddable":true,"href":"https:\/\/ciwamar.com.br\/loja\/wp-json\/wp\/v2\/comments?post=1643"}],"wp:featuredmedia":[{"embeddable":true,"href":"https:\/\/ciwamar.com.br\/loja\/wp-json\/wp\/v2\/media\/125"}],"wp:attachment":[{"href":"https:\/\/ciwamar.com.br\/loja\/wp-json\/wp\/v2\/media?parent=1643"}],"wp:term":[{"taxonomy":"product_brand","embeddable":true,"href":"https:\/\/ciwamar.com.br\/loja\/wp-json\/wp\/v2\/product_brand?post=1643"},{"taxonomy":"product_cat","embeddable":true,"href":"https:\/\/ciwamar.com.br\/loja\/wp-json\/wp\/v2\/product_cat?post=1643"},{"taxonomy":"product_tag","embeddable":true,"href":"https:\/\/ciwamar.com.br\/loja\/wp-json\/wp\/v2\/product_tag?post=1643"}],"curies":[{"name":"wp","href":"https:\/\/api.w.org\/{rel}","templated":true}]}}