{"id":1637,"date":"2018-10-24T13:08:18","date_gmt":"2018-10-24T16:08:18","guid":{"rendered":"https:\/\/ciwamar.com.br\/loja\/?post_type=product&#038;p=1637"},"modified":"2022-10-16T03:07:42","modified_gmt":"2022-10-16T06:07:42","slug":"kit-porteiro-eletronico-g1-bivolt","status":"publish","type":"product","link":"https:\/\/ciwamar.com.br\/loja\/produto\/kit-porteiro-eletronico-g1-bivolt\/","title":{"rendered":"Kit Porteiro Eletr\u00f4nico GP1 (Bivolt)"},"content":{"rendered":"<p><strong>Caracter\u00edsticas T\u00e9cnicas<\/strong><br \/>\n&gt; Em material pl\u00e1stico ABS;<br \/>\n&gt; Fonte de Alimenta\u00e7\u00e3o na Unidade Externa;<br \/>\n&gt; Alimenta\u00e7\u00e3o: 127V\/ 220V Bivolt.<br \/>\n&gt; Toque Eletr\u00f4nico Bitonal;<br \/>\n&gt; F\u00e1cil instala\u00e7\u00e3o;<br \/>\n&gt; Suporta at\u00e9 tr\u00eas monofones;<br \/>\n&gt; Aciona fechadura el\u00e9trica;<br \/>\n&gt; Liga\u00e7\u00e3o por apenas 2 fios;<br \/>\n&gt; Frequ\u00eancia: 60 Hz;<br \/>\n&gt; Consumo: 3W.<\/p>\n<p><strong>Itens inclusos<\/strong><br \/>\n&gt; 01 Porteiro Eletr\u00f4nico GP1;<br \/>\n&gt; 01 Monofone para Porteiro Eletr\u00f4nico GP1;<\/p>\n<div><em>Todos os produtos desenvolvidos pela RCG s\u00e3o submetidos a rigorosos testes de performance e qualidade, possui selo do INMETRO para os reatores, estabilizadores, automatizadores e eletrificadores de cerca, a empresa tamb\u00e9m est\u00e1 certificada pelo Sistema de Gest\u00e3o da Qualidade ISO 9001:2008*<\/em><\/div>\n","protected":false},"excerpt":{"rendered":"<p>Caracter\u00edsticas T\u00e9cnicas &gt; Em material pl\u00e1stico ABS; &gt; Fonte de Alimenta\u00e7\u00e3o na Unidade Externa; &gt; Alimenta\u00e7\u00e3o: 127V\/ 220V Bivolt. &gt; Toque Eletr\u00f4nico Bitonal; &gt; F\u00e1cil instala\u00e7\u00e3o; &gt; Suporta at\u00e9 tr\u00eas monofones; &gt; Aciona fechadura el\u00e9trica; &gt; Liga\u00e7\u00e3o por apenas 2 fios; &gt; Frequ\u00eancia: 60 Hz; &gt; Consumo: 3W. Itens inclusos &gt; 01 Porteiro Eletr\u00f4nico GP1; [&hellip;]<\/p>\n","protected":false},"featured_media":123,"comment_status":"open","ping_status":"closed","template":"","meta":[],"product_brand":[],"product_cat":[52],"product_tag":[],"class_list":{"0":"post-1637","1":"product","2":"type-product","3":"status-publish","4":"has-post-thumbnail","6":"product_cat-comunicacao","8":"first","9":"outofstock","10":"shipping-taxable","11":"product-type-simple"},"_links":{"self":[{"href":"https:\/\/ciwamar.com.br\/loja\/wp-json\/wp\/v2\/product\/1637","targetHints":{"allow":["GET"]}}],"collection":[{"href":"https:\/\/ciwamar.com.br\/loja\/wp-json\/wp\/v2\/product"}],"about":[{"href":"https:\/\/ciwamar.com.br\/loja\/wp-json\/wp\/v2\/types\/product"}],"replies":[{"embeddable":true,"href":"https:\/\/ciwamar.com.br\/loja\/wp-json\/wp\/v2\/comments?post=1637"}],"wp:featuredmedia":[{"embeddable":true,"href":"https:\/\/ciwamar.com.br\/loja\/wp-json\/wp\/v2\/media\/123"}],"wp:attachment":[{"href":"https:\/\/ciwamar.com.br\/loja\/wp-json\/wp\/v2\/media?parent=1637"}],"wp:term":[{"taxonomy":"product_brand","embeddable":true,"href":"https:\/\/ciwamar.com.br\/loja\/wp-json\/wp\/v2\/product_brand?post=1637"},{"taxonomy":"product_cat","embeddable":true,"href":"https:\/\/ciwamar.com.br\/loja\/wp-json\/wp\/v2\/product_cat?post=1637"},{"taxonomy":"product_tag","embeddable":true,"href":"https:\/\/ciwamar.com.br\/loja\/wp-json\/wp\/v2\/product_tag?post=1637"}],"curies":[{"name":"wp","href":"https:\/\/api.w.org\/{rel}","templated":true}]}}