{"id":1625,"date":"2018-10-23T21:35:38","date_gmt":"2018-10-24T00:35:38","guid":{"rendered":"https:\/\/ciwamar.com.br\/loja\/?post_type=product&#038;p=1625"},"modified":"2022-10-16T03:10:09","modified_gmt":"2022-10-16T06:10:09","slug":"central-de-comando-rcg-cca-10","status":"publish","type":"product","link":"https:\/\/ciwamar.com.br\/loja\/produto\/central-de-comando-rcg-cca-10\/","title":{"rendered":"Central de Comando RCG CCA-10"},"content":{"rendered":"<p><strong>Central de Comando CCA-10 RCG para Automatizadores de Port\u00f5es Deslizante e Basculantes<\/strong><\/p>\n<p>A Central de Comando CCA-10 substitui a Central de Comando CLP que saiu de linha<\/p>\n<p><strong>Caracter\u00edsticas T\u00e9cnicas<\/strong><br \/>\n&gt; Bivolts 127\/220V.<br \/>\n&gt; Sistema de c\u00f3digos Code Learning, Rolling Code,Hope Code e Flex Code.<br \/>\n&gt; Frequ\u00eancia 433,92Mhz<br \/>\n&gt; Cadastra at\u00e9 340 Bot\u00f5es de Controles<br \/>\n&gt; Entrada para fotoc\u00e9lula<br \/>\n&gt;\u00a0Entrada para botoeira<br \/>\n&gt;\u00a0Sa\u00edda para m\u00f3dulo trava\/luz de garagem<br \/>\n&gt;\u00a0Sa\u00edda 12V\/GND (para fotoc\u00e9lula)<br \/>\n&gt;\u00a0Ajuste de freio eletr\u00f4nico<br \/>\n&gt;\u00a0Ajuste de for\u00e7a(embreagem)<br \/>\n&gt;\u00a0Ajuste de tamanho de rampa (abertura e fechamento)<br \/>\n&gt; Ajuste de torque de rampa (Abertura e fechamento)<br \/>\n&gt;\u00a0Ajuste de partida suave<br \/>\n&gt;\u00a0Led PGM para indicar programa\u00e7\u00e3o<br \/>\n&gt; Led indicadores de fim de curso abertura\/fechamento<br \/>\n&gt; Medidas 85mm x 75mm<\/p>\n<p><strong>Itens inclusos<\/strong><br \/>\n&gt; 01 Placa de comando CCA-10 433,92 Mhz<br \/>\n&gt; 01 Manual de Instala\u00e7\u00e3o e configura\u00e7\u00e3o<\/p>\n<div><em>Todos os produtos desenvolvidos pela RCG s\u00e3o submetidos a rigorosos testes de performance e qualidade, possui selo do INMETRO para os reatores, estabilizadores, automatizadores e eletrificadores de cerca, a empresa tamb\u00e9m est\u00e1 certificada pelo Sistema de Gest\u00e3o da Qualidade ISO 9001:2008*<\/em><\/div>\n<p>&nbsp;<\/p>\n","protected":false},"excerpt":{"rendered":"<p>Central de Comando CCA-10 RCG para Automatizadores de Port\u00f5es Deslizante e Basculantes A Central de Comando CCA-10 substitui a Central de Comando CLP que saiu de linha Caracter\u00edsticas T\u00e9cnicas &gt; Bivolts 127\/220V. &gt; Sistema de c\u00f3digos Code Learning, Rolling Code,Hope Code e Flex Code. &gt; Frequ\u00eancia 433,92Mhz &gt; Cadastra at\u00e9 340 Bot\u00f5es de Controles &gt; [&hellip;]<\/p>\n","protected":false},"featured_media":1565,"comment_status":"open","ping_status":"closed","template":"","meta":[],"product_brand":[],"product_cat":[42],"product_tag":[],"class_list":{"0":"post-1625","1":"product","2":"type-product","3":"status-publish","4":"has-post-thumbnail","6":"product_cat-pecas","8":"first","9":"outofstock","10":"shipping-taxable","11":"product-type-simple"},"_links":{"self":[{"href":"https:\/\/ciwamar.com.br\/loja\/wp-json\/wp\/v2\/product\/1625","targetHints":{"allow":["GET"]}}],"collection":[{"href":"https:\/\/ciwamar.com.br\/loja\/wp-json\/wp\/v2\/product"}],"about":[{"href":"https:\/\/ciwamar.com.br\/loja\/wp-json\/wp\/v2\/types\/product"}],"replies":[{"embeddable":true,"href":"https:\/\/ciwamar.com.br\/loja\/wp-json\/wp\/v2\/comments?post=1625"}],"wp:featuredmedia":[{"embeddable":true,"href":"https:\/\/ciwamar.com.br\/loja\/wp-json\/wp\/v2\/media\/1565"}],"wp:attachment":[{"href":"https:\/\/ciwamar.com.br\/loja\/wp-json\/wp\/v2\/media?parent=1625"}],"wp:term":[{"taxonomy":"product_brand","embeddable":true,"href":"https:\/\/ciwamar.com.br\/loja\/wp-json\/wp\/v2\/product_brand?post=1625"},{"taxonomy":"product_cat","embeddable":true,"href":"https:\/\/ciwamar.com.br\/loja\/wp-json\/wp\/v2\/product_cat?post=1625"},{"taxonomy":"product_tag","embeddable":true,"href":"https:\/\/ciwamar.com.br\/loja\/wp-json\/wp\/v2\/product_tag?post=1625"}],"curies":[{"name":"wp","href":"https:\/\/api.w.org\/{rel}","templated":true}]}}