{"id":1618,"date":"2018-10-23T12:40:42","date_gmt":"2018-10-23T15:40:42","guid":{"rendered":"https:\/\/ciwamar.com.br\/loja\/?post_type=product&#038;p=1618"},"modified":"2023-03-31T20:03:25","modified_gmt":"2023-03-31T23:03:25","slug":"radio-transmissor-tx-car-433-92mhz-para-farol-de-carro","status":"publish","type":"product","link":"https:\/\/ciwamar.com.br\/loja\/produto\/radio-transmissor-tx-car-433-92mhz-para-farol-de-carro\/","title":{"rendered":"R\u00e1dio Transmissor TX CAR 433.92Mhz &#8211; Para Farol de Carro"},"content":{"rendered":"<p><strong>Caracter\u00edsticas T\u00e9cnicas<\/strong><br \/>\n&gt; Sistema Code Learning.<br \/>\n&gt; Frequ\u00eancia 433,92MHz com Cristal SAW, n\u00e3o perde calibra\u00e7\u00e3o.<br \/>\n&gt; Alimenta\u00e7\u00e3o 12Vcc.<br \/>\n&gt; Corrente em repouso: 2mA.<br \/>\n&gt; Corrente em transmiss\u00e3o: 8mA.<br \/>\n&gt; Tempo de transmiss\u00e3o ap\u00f3s acionamento da luz alta: 2 segundos<br \/>\n&gt; N\u00e3o permanece ativo com a luz alta ligada.<br \/>\n&gt; Resinado: garante prote\u00e7\u00e3o aos componentes contra umidade e vibra\u00e7\u00e3o externa.<\/p>\n<p><strong>Itens inclusos<\/strong><br \/>\n&gt; 01 Radio Transmissor TX CAR 433,92 Mhz;<\/p>\n<div><em>Todos os produtos desenvolvidos pela RCG s\u00e3o submetidos a rigorosos testes de performance e qualidade, possui selo do INMETRO para os reatores, estabilizadores, automatizadores e eletrificadores de cerca, a empresa tamb\u00e9m est\u00e1 certificada pelo Sistema de Gest\u00e3o da Qualidade ISO 9001:2008*<\/em><\/div>\n","protected":false},"excerpt":{"rendered":"<p>Caracter\u00edsticas T\u00e9cnicas &gt; Sistema Code Learning. &gt; Frequ\u00eancia 433,92MHz com Cristal SAW, n\u00e3o perde calibra\u00e7\u00e3o. &gt; Alimenta\u00e7\u00e3o 12Vcc. &gt; Corrente em repouso: 2mA. &gt; Corrente em transmiss\u00e3o: 8mA. &gt; Tempo de transmiss\u00e3o ap\u00f3s acionamento da luz alta: 2 segundos &gt; N\u00e3o permanece ativo com a luz alta ligada. &gt; Resinado: garante prote\u00e7\u00e3o aos componentes contra [&hellip;]<\/p>\n","protected":false},"featured_media":1620,"comment_status":"open","ping_status":"closed","template":"","meta":[],"product_brand":[],"product_cat":[41],"product_tag":[49,40,48],"class_list":{"0":"post-1618","1":"product","2":"type-product","3":"status-publish","4":"has-post-thumbnail","6":"product_cat-acessorios","7":"product_tag-carro","8":"product_tag-controle","9":"product_tag-farol","11":"first","12":"instock","13":"shipping-taxable","14":"purchasable","15":"product-type-simple"},"_links":{"self":[{"href":"https:\/\/ciwamar.com.br\/loja\/wp-json\/wp\/v2\/product\/1618","targetHints":{"allow":["GET"]}}],"collection":[{"href":"https:\/\/ciwamar.com.br\/loja\/wp-json\/wp\/v2\/product"}],"about":[{"href":"https:\/\/ciwamar.com.br\/loja\/wp-json\/wp\/v2\/types\/product"}],"replies":[{"embeddable":true,"href":"https:\/\/ciwamar.com.br\/loja\/wp-json\/wp\/v2\/comments?post=1618"}],"wp:featuredmedia":[{"embeddable":true,"href":"https:\/\/ciwamar.com.br\/loja\/wp-json\/wp\/v2\/media\/1620"}],"wp:attachment":[{"href":"https:\/\/ciwamar.com.br\/loja\/wp-json\/wp\/v2\/media?parent=1618"}],"wp:term":[{"taxonomy":"product_brand","embeddable":true,"href":"https:\/\/ciwamar.com.br\/loja\/wp-json\/wp\/v2\/product_brand?post=1618"},{"taxonomy":"product_cat","embeddable":true,"href":"https:\/\/ciwamar.com.br\/loja\/wp-json\/wp\/v2\/product_cat?post=1618"},{"taxonomy":"product_tag","embeddable":true,"href":"https:\/\/ciwamar.com.br\/loja\/wp-json\/wp\/v2\/product_tag?post=1618"}],"curies":[{"name":"wp","href":"https:\/\/api.w.org\/{rel}","templated":true}]}}