{"id":1606,"date":"2018-10-22T16:46:08","date_gmt":"2018-10-22T19:46:08","guid":{"rendered":"https:\/\/ciwamar.com.br\/loja\/?post_type=product&#038;p=1606"},"modified":"2020-03-11T03:31:21","modified_gmt":"2020-03-11T06:31:21","slug":"controle-radio-transmissor-433-92mhz-novo-trigger-uso-geral","status":"publish","type":"product","link":"https:\/\/ciwamar.com.br\/loja\/produto\/controle-radio-transmissor-433-92mhz-novo-trigger-uso-geral\/","title":{"rendered":"Controle R\u00e1dio Transmissor 433.92Mhz Novo Trigger &#8211; Uso Geral"},"content":{"rendered":"<p><strong>Caracter\u00edsticas T\u00e9cnicas<\/strong><br \/>\n&gt; Dois canais independentes.<br \/>\n&gt; Padr\u00e3o Code Learning.<br \/>\n&gt; Teclas de silicone<br \/>\n&gt; Led indicador de acionamento<br \/>\n&gt; Frequ\u00eancia 433,92Mhz com cristal SAW, n\u00e3o perde a calibra\u00e7\u00e3o<br \/>\n&gt; Fabricado em ABS resistente a impacto<br \/>\n&gt; Alimenta\u00e7\u00e3o: Bateria 12v modelo &#8220;A23&#8221;<\/p>\n<p><strong>Itens inclusos<\/strong><br \/>\n&gt; 01 Controle Remoto Trigger 433,92 Mhz;<\/p>\n<div><em>Todos os produtos desenvolvidos pela RCG s\u00e3o submetidos a rigorosos testes de performance e qualidade, possui selo do INMETRO para os reatores, estabilizadores, automatizadores e eletrificadores de cerca, a empresa tamb\u00e9m est\u00e1 certificada pelo Sistema de Gest\u00e3o da Qualidade ISO 9001:2008*<\/em><\/div>\n","protected":false},"excerpt":{"rendered":"<p>Caracter\u00edsticas T\u00e9cnicas &gt; Dois canais independentes. &gt; Padr\u00e3o Code Learning. &gt; Teclas de silicone &gt; Led indicador de acionamento &gt; Frequ\u00eancia 433,92Mhz com cristal SAW, n\u00e3o perde a calibra\u00e7\u00e3o &gt; Fabricado em ABS resistente a impacto &gt; Alimenta\u00e7\u00e3o: Bateria 12v modelo &#8220;A23&#8221; Itens inclusos &gt; 01 Controle Remoto Trigger 433,92 Mhz; Todos os produtos desenvolvidos [&hellip;]<\/p>\n","protected":false},"featured_media":1616,"comment_status":"open","ping_status":"closed","template":"","meta":[],"product_brand":[],"product_cat":[41],"product_tag":[40],"class_list":{"0":"post-1606","1":"product","2":"type-product","3":"status-publish","4":"has-post-thumbnail","6":"product_cat-acessorios","7":"product_tag-controle","9":"first","10":"outofstock","11":"shipping-taxable","12":"product-type-simple"},"_links":{"self":[{"href":"https:\/\/ciwamar.com.br\/loja\/wp-json\/wp\/v2\/product\/1606","targetHints":{"allow":["GET"]}}],"collection":[{"href":"https:\/\/ciwamar.com.br\/loja\/wp-json\/wp\/v2\/product"}],"about":[{"href":"https:\/\/ciwamar.com.br\/loja\/wp-json\/wp\/v2\/types\/product"}],"replies":[{"embeddable":true,"href":"https:\/\/ciwamar.com.br\/loja\/wp-json\/wp\/v2\/comments?post=1606"}],"wp:featuredmedia":[{"embeddable":true,"href":"https:\/\/ciwamar.com.br\/loja\/wp-json\/wp\/v2\/media\/1616"}],"wp:attachment":[{"href":"https:\/\/ciwamar.com.br\/loja\/wp-json\/wp\/v2\/media?parent=1606"}],"wp:term":[{"taxonomy":"product_brand","embeddable":true,"href":"https:\/\/ciwamar.com.br\/loja\/wp-json\/wp\/v2\/product_brand?post=1606"},{"taxonomy":"product_cat","embeddable":true,"href":"https:\/\/ciwamar.com.br\/loja\/wp-json\/wp\/v2\/product_cat?post=1606"},{"taxonomy":"product_tag","embeddable":true,"href":"https:\/\/ciwamar.com.br\/loja\/wp-json\/wp\/v2\/product_tag?post=1606"}],"curies":[{"name":"wp","href":"https:\/\/api.w.org\/{rel}","templated":true}]}}